{"id":960,"date":"2022-03-07T16:54:31","date_gmt":"2022-03-07T16:54:31","guid":{"rendered":"https:\/\/chagossianvoices.org\/videos\/"},"modified":"2024-02-26T04:06:41","modified_gmt":"2024-02-26T04:06:41","slug":"konferans","status":"publish","type":"page","link":"https:\/\/chagossianvoices.org\/cr\/konferans\/","title":{"rendered":"Nou bann konferans"},"content":{"rendered":"\n<figure class=\"wp-block-image size-large\"><img loading=\"lazy\" decoding=\"async\" width=\"768\" height=\"1024\" src=\"https:\/\/chagossianvoices.org\/wp-content\/uploads\/2024\/02\/IMG_7025-768x1024.jpeg\" alt=\"\" class=\"wp-image-2023\" srcset=\"https:\/\/chagossianvoices.org\/wp-content\/uploads\/2024\/02\/IMG_7025-768x1024.jpeg 768w, https:\/\/chagossianvoices.org\/wp-content\/uploads\/2024\/02\/IMG_7025-225x300.jpeg 225w, https:\/\/chagossianvoices.org\/wp-content\/uploads\/2024\/02\/IMG_7025-1152x1536.jpeg 1152w, https:\/\/chagossianvoices.org\/wp-content\/uploads\/2024\/02\/IMG_7025.jpeg 1536w\" sizes=\"auto, (max-width: 768px) 100vw, 768px\" \/><\/figure>\n<p>Chagossian Voices finn organiz <strong>d\u00e9 konferans internasyonal en lign\u00e9e<\/strong> pandan konfinnma 2020-22, pou sansibiliz bann minist\u00e8r, bann d\u00e9pit\u00e9 ek bann nob, bann sers\u00e8r, bann desizion\u00e8r politik, bann administrasyon lokal ek lapress. Sa bann konferans la ti esansyel pou f\u00e8r tann lavwa sagosien par bann dimounn inflyan ek ki ena pouvwar, ek oussi pou konstrir bann rezo ki finn deza donn bann rezilta. Zot finn f\u00e8r tann lavwa bann manb la kominot\u00e9 sagosien depi la diaspora avek bann reprezantan bann group kominot\u00e8r sagosien. <\/p>\n\n<p><strong>Pou plis detay clik lor sa lyen la<\/strong><\/p>\n\n<h2 class=\"wp-block-heading\"> 1) <a href=\"https:\/\/chagossianvoices.org\/cr\/konferans-virtiel-chagossian-voices-desam-2020\/\">Konferans virtyel Chagossian Voices 5 desam 2020 &gt;<\/a> <\/h2>\n\n<p><em><strong>Nou premy\u00e9 konferans <\/strong>ti ena ly\u00e9 en desam 2020 ek finn donn la parol a enn larz levantay bann manb la kominot\u00e9 divan enn piblik inflyan de bann parlmant\u00e8r, responsab ladministrasyon lokal ek nasyonal ek bann sers\u00e8r<\/em><\/p>\n\n<h3 class=\"wp-block-heading\">2) <a href=\"https:\/\/chagossianvoices.org\/cr\/ensam-nou-pli-fort\/\">Konferans virtyel Chagossian Voices \u201cStronger Together\u201d 3 zily\u00e9 2021 &gt;<\/a> <\/h3>\n\n<p><em><strong>Nou dezi\u00e8m konferans<\/strong> finn gagn enn piblik ek enn partisipasyon elarzi ek li finn deroul en kreol ek anglais. D\u00e9pit\u00e9 Mike Kane, d\u00e9pit\u00e9 Henry Smith, Chagos Conservation Trust ek bann manb kominot\u00e9 dan Rwayom Ini, Moris ek Sesel ti pr\u00e9zan.<\/em><\/p>\n\n<h2 class=\"wp-block-heading\">3)  <a href=\"https:\/\/chagossianvoices.org\/cr\/konferans-johannesbourg-2022\/\">Rapor lor konferans IPATC lor lavenir bann zil sagos, Johannesbourg. 4 ek 5 oktob 2022<\/a><\/h2>\n\n<p>Oktob 2022, 4 manb Chagossian Voices ti invit\u00e9 dan Sud Afrik par liniversit\u00e9 Johannesbourg pou enn konferans inportan lor lavenir bann zil sagos.<\/p>\n\n<h2 class=\"wp-block-heading\">4) <a href=\"https:\/\/chagossianvoices.org\/cr\/island-innovation-conference\/\">Konferans Island Innovation 2021<\/a><\/h2>\n\n<p>Louis Elyse finn pran la parol dan sa konferans inportan la en 2021<\/p>\n","protected":false},"excerpt":{"rendered":"<p>Chagossian Voices finn organiz d\u00e9 konferans internasyonal en lign\u00e9e pandan konfinnma 2020-22, pou sansibiliz bann minist\u00e8r, bann d\u00e9pit\u00e9 ek bann nob, bann sers\u00e8r, bann desizion\u00e8r politik, bann administrasyon lokal ek lapress. Sa bann konferans la ti esansyel pou f\u00e8r tann lavwa sagosien par bann dimounn inflyan ek ki ena pouvwar, ek oussi pou konstrir bann&#8230; <a href=\"https:\/\/chagossianvoices.org\/cr\/konferans\/\" class=\"btn btn-primary\">Lire la swit<\/a><\/p>\n","protected":false},"author":1,"featured_media":728,"parent":0,"menu_order":0,"comment_status":"closed","ping_status":"closed","template":"page-large-header","meta":{"_acf_changed":false,"_bbp_topic_count":0,"_bbp_reply_count":0,"_bbp_total_topic_count":0,"_bbp_total_reply_count":0,"_bbp_voice_count":0,"_bbp_anonymous_reply_count":0,"_bbp_topic_count_hidden":0,"_bbp_reply_count_hidden":0,"_bbp_forum_subforum_count":0,"footnotes":""},"class_list":["post-960","page","type-page","status-publish","has-post-thumbnail","hentry"],"acf":[],"yoast_head":"<!-- This site is optimized with the Yoast SEO plugin v27.6 - https:\/\/yoast.com\/product\/yoast-seo-wordpress\/ -->\n<title>Donn enn lavwa a la kominot\u00e9 sagosien<\/title>\n<meta name=\"robots\" content=\"index, follow, max-snippet:-1, max-image-preview:large, max-video-preview:-1\" \/>\n<link rel=\"canonical\" href=\"https:\/\/chagossianvoices.org\/cr\/konferans\/\" \/>\n<meta property=\"og:locale\" content=\"en_US\" \/>\n<meta property=\"og:type\" content=\"article\" \/>\n<meta property=\"og:title\" content=\"Donn enn lavwa a la kominot\u00e9 sagosien\" \/>\n<meta property=\"og:description\" content=\"Chagossian Voices finn organiz d\u00e9 konferans internasyonal en lign\u00e9e pandan konfinnma 2020-22, pou sansibiliz bann minist\u00e8r, bann d\u00e9pit\u00e9 ek bann nob, bann sers\u00e8r, bann desizion\u00e8r politik, bann administrasyon lokal ek lapress. Sa bann konferans la ti esansyel pou f\u00e8r tann lavwa sagosien par bann dimounn inflyan ek ki ena pouvwar, ek oussi pou konstrir bann... Lire la swit\" \/>\n<meta property=\"og:url\" content=\"https:\/\/chagossianvoices.org\/cr\/konferans\/\" \/>\n<meta property=\"og:site_name\" content=\"Chagossian Voices\" \/>\n<meta property=\"article:modified_time\" content=\"2024-02-26T04:06:41+00:00\" \/>\n<meta property=\"og:image\" content=\"https:\/\/chagossianvoices.org\/wp-content\/uploads\/2022\/07\/Peros-Banhos-Lagoon-Knolls-Ile-du-coin_2015_c-Jon-Slayer-scaled.jpg\" \/>\n\t<meta property=\"og:image:width\" content=\"2560\" \/>\n\t<meta property=\"og:image:height\" content=\"1441\" \/>\n\t<meta property=\"og:image:type\" content=\"image\/jpeg\" \/>\n<meta name=\"twitter:card\" content=\"summary_large_image\" \/>\n<meta name=\"twitter:label1\" content=\"Est. reading time\" \/>\n\t<meta name=\"twitter:data1\" content=\"1 minute\" \/>\n<script type=\"application\/ld+json\" class=\"yoast-schema-graph\">{\"@context\":\"https:\\\/\\\/schema.org\",\"@graph\":[{\"@type\":\"WebPage\",\"@id\":\"https:\\\/\\\/chagossianvoices.org\\\/cr\\\/konferans\\\/\",\"url\":\"https:\\\/\\\/chagossianvoices.org\\\/cr\\\/konferans\\\/\",\"name\":\"Donn enn lavwa a la kominot\u00e9 sagosien\",\"isPartOf\":{\"@id\":\"https:\\\/\\\/chagossianvoices.org\\\/#website\"},\"primaryImageOfPage\":{\"@id\":\"https:\\\/\\\/chagossianvoices.org\\\/cr\\\/konferans\\\/#primaryimage\"},\"image\":{\"@id\":\"https:\\\/\\\/chagossianvoices.org\\\/cr\\\/konferans\\\/#primaryimage\"},\"thumbnailUrl\":\"https:\\\/\\\/chagossianvoices.org\\\/wp-content\\\/uploads\\\/2022\\\/07\\\/Peros-Banhos-Lagoon-Knolls-Ile-du-coin_2015_c-Jon-Slayer-scaled.jpg\",\"datePublished\":\"2022-03-07T16:54:31+00:00\",\"dateModified\":\"2024-02-26T04:06:41+00:00\",\"breadcrumb\":{\"@id\":\"https:\\\/\\\/chagossianvoices.org\\\/cr\\\/konferans\\\/#breadcrumb\"},\"inLanguage\":\"kr\",\"potentialAction\":[{\"@type\":\"ReadAction\",\"target\":[\"https:\\\/\\\/chagossianvoices.org\\\/cr\\\/konferans\\\/\"]}]},{\"@type\":\"ImageObject\",\"inLanguage\":\"kr\",\"@id\":\"https:\\\/\\\/chagossianvoices.org\\\/cr\\\/konferans\\\/#primaryimage\",\"url\":\"https:\\\/\\\/chagossianvoices.org\\\/wp-content\\\/uploads\\\/2022\\\/07\\\/Peros-Banhos-Lagoon-Knolls-Ile-du-coin_2015_c-Jon-Slayer-scaled.jpg\",\"contentUrl\":\"https:\\\/\\\/chagossianvoices.org\\\/wp-content\\\/uploads\\\/2022\\\/07\\\/Peros-Banhos-Lagoon-Knolls-Ile-du-coin_2015_c-Jon-Slayer-scaled.jpg\",\"width\":2560,\"height\":1441,\"caption\":\"Peros Banhos Lagoon Knolls, Ile du coin_2015_(c) Jon Slayer\"},{\"@type\":\"BreadcrumbList\",\"@id\":\"https:\\\/\\\/chagossianvoices.org\\\/cr\\\/konferans\\\/#breadcrumb\",\"itemListElement\":[{\"@type\":\"ListItem\",\"position\":1,\"name\":\"Home\",\"item\":\"https:\\\/\\\/chagossianvoices.org\\\/cr\\\/\"},{\"@type\":\"ListItem\",\"position\":2,\"name\":\"Nou bann konferans\"}]},{\"@type\":\"WebSite\",\"@id\":\"https:\\\/\\\/chagossianvoices.org\\\/#website\",\"url\":\"https:\\\/\\\/chagossianvoices.org\\\/\",\"name\":\"Chagossian Voices\",\"description\":\"Just another WordPress site\",\"publisher\":{\"@id\":\"https:\\\/\\\/chagossianvoices.org\\\/#organization\"},\"potentialAction\":[{\"@type\":\"SearchAction\",\"target\":{\"@type\":\"EntryPoint\",\"urlTemplate\":\"https:\\\/\\\/chagossianvoices.org\\\/?s={search_term_string}\"},\"query-input\":{\"@type\":\"PropertyValueSpecification\",\"valueRequired\":true,\"valueName\":\"search_term_string\"}}],\"inLanguage\":\"kr\"},{\"@type\":\"Organization\",\"@id\":\"https:\\\/\\\/chagossianvoices.org\\\/#organization\",\"name\":\"Chagossian Voices\",\"url\":\"https:\\\/\\\/chagossianvoices.org\\\/\",\"logo\":{\"@type\":\"ImageObject\",\"inLanguage\":\"kr\",\"@id\":\"https:\\\/\\\/chagossianvoices.org\\\/#\\\/schema\\\/logo\\\/image\\\/\",\"url\":\"https:\\\/\\\/chagossianvoices.org\\\/wp-content\\\/uploads\\\/2021\\\/12\\\/ChagossianVoices-Logo@2x1.png\",\"contentUrl\":\"https:\\\/\\\/chagossianvoices.org\\\/wp-content\\\/uploads\\\/2021\\\/12\\\/ChagossianVoices-Logo@2x1.png\",\"width\":560,\"height\":160,\"caption\":\"Chagossian Voices\"},\"image\":{\"@id\":\"https:\\\/\\\/chagossianvoices.org\\\/#\\\/schema\\\/logo\\\/image\\\/\"}}]}<\/script>\n<!-- \/ Yoast SEO plugin. -->","yoast_head_json":{"title":"Donn enn lavwa a la kominot\u00e9 sagosien","robots":{"index":"index","follow":"follow","max-snippet":"max-snippet:-1","max-image-preview":"max-image-preview:large","max-video-preview":"max-video-preview:-1"},"canonical":"https:\/\/chagossianvoices.org\/cr\/konferans\/","og_locale":"en_US","og_type":"article","og_title":"Donn enn lavwa a la kominot\u00e9 sagosien","og_description":"Chagossian Voices finn organiz d\u00e9 konferans internasyonal en lign\u00e9e pandan konfinnma 2020-22, pou sansibiliz bann minist\u00e8r, bann d\u00e9pit\u00e9 ek bann nob, bann sers\u00e8r, bann desizion\u00e8r politik, bann administrasyon lokal ek lapress. Sa bann konferans la ti esansyel pou f\u00e8r tann lavwa sagosien par bann dimounn inflyan ek ki ena pouvwar, ek oussi pou konstrir bann... Lire la swit","og_url":"https:\/\/chagossianvoices.org\/cr\/konferans\/","og_site_name":"Chagossian Voices","article_modified_time":"2024-02-26T04:06:41+00:00","og_image":[{"width":2560,"height":1441,"url":"https:\/\/chagossianvoices.org\/wp-content\/uploads\/2022\/07\/Peros-Banhos-Lagoon-Knolls-Ile-du-coin_2015_c-Jon-Slayer-scaled.jpg","type":"image\/jpeg"}],"twitter_card":"summary_large_image","twitter_misc":{"Est. reading time":"1 minute"},"schema":{"@context":"https:\/\/schema.org","@graph":[{"@type":"WebPage","@id":"https:\/\/chagossianvoices.org\/cr\/konferans\/","url":"https:\/\/chagossianvoices.org\/cr\/konferans\/","name":"Donn enn lavwa a la kominot\u00e9 sagosien","isPartOf":{"@id":"https:\/\/chagossianvoices.org\/#website"},"primaryImageOfPage":{"@id":"https:\/\/chagossianvoices.org\/cr\/konferans\/#primaryimage"},"image":{"@id":"https:\/\/chagossianvoices.org\/cr\/konferans\/#primaryimage"},"thumbnailUrl":"https:\/\/chagossianvoices.org\/wp-content\/uploads\/2022\/07\/Peros-Banhos-Lagoon-Knolls-Ile-du-coin_2015_c-Jon-Slayer-scaled.jpg","datePublished":"2022-03-07T16:54:31+00:00","dateModified":"2024-02-26T04:06:41+00:00","breadcrumb":{"@id":"https:\/\/chagossianvoices.org\/cr\/konferans\/#breadcrumb"},"inLanguage":"kr","potentialAction":[{"@type":"ReadAction","target":["https:\/\/chagossianvoices.org\/cr\/konferans\/"]}]},{"@type":"ImageObject","inLanguage":"kr","@id":"https:\/\/chagossianvoices.org\/cr\/konferans\/#primaryimage","url":"https:\/\/chagossianvoices.org\/wp-content\/uploads\/2022\/07\/Peros-Banhos-Lagoon-Knolls-Ile-du-coin_2015_c-Jon-Slayer-scaled.jpg","contentUrl":"https:\/\/chagossianvoices.org\/wp-content\/uploads\/2022\/07\/Peros-Banhos-Lagoon-Knolls-Ile-du-coin_2015_c-Jon-Slayer-scaled.jpg","width":2560,"height":1441,"caption":"Peros Banhos Lagoon Knolls, Ile du coin_2015_(c) Jon Slayer"},{"@type":"BreadcrumbList","@id":"https:\/\/chagossianvoices.org\/cr\/konferans\/#breadcrumb","itemListElement":[{"@type":"ListItem","position":1,"name":"Home","item":"https:\/\/chagossianvoices.org\/cr\/"},{"@type":"ListItem","position":2,"name":"Nou bann konferans"}]},{"@type":"WebSite","@id":"https:\/\/chagossianvoices.org\/#website","url":"https:\/\/chagossianvoices.org\/","name":"Chagossian Voices","description":"Just another WordPress site","publisher":{"@id":"https:\/\/chagossianvoices.org\/#organization"},"potentialAction":[{"@type":"SearchAction","target":{"@type":"EntryPoint","urlTemplate":"https:\/\/chagossianvoices.org\/?s={search_term_string}"},"query-input":{"@type":"PropertyValueSpecification","valueRequired":true,"valueName":"search_term_string"}}],"inLanguage":"kr"},{"@type":"Organization","@id":"https:\/\/chagossianvoices.org\/#organization","name":"Chagossian Voices","url":"https:\/\/chagossianvoices.org\/","logo":{"@type":"ImageObject","inLanguage":"kr","@id":"https:\/\/chagossianvoices.org\/#\/schema\/logo\/image\/","url":"https:\/\/chagossianvoices.org\/wp-content\/uploads\/2021\/12\/ChagossianVoices-Logo@2x1.png","contentUrl":"https:\/\/chagossianvoices.org\/wp-content\/uploads\/2021\/12\/ChagossianVoices-Logo@2x1.png","width":560,"height":160,"caption":"Chagossian Voices"},"image":{"@id":"https:\/\/chagossianvoices.org\/#\/schema\/logo\/image\/"}}]}},"_links":{"self":[{"href":"https:\/\/chagossianvoices.org\/cr\/wp-json\/wp\/v2\/pages\/960","targetHints":{"allow":["GET"]}}],"collection":[{"href":"https:\/\/chagossianvoices.org\/cr\/wp-json\/wp\/v2\/pages"}],"about":[{"href":"https:\/\/chagossianvoices.org\/cr\/wp-json\/wp\/v2\/types\/page"}],"author":[{"embeddable":true,"href":"https:\/\/chagossianvoices.org\/cr\/wp-json\/wp\/v2\/users\/1"}],"replies":[{"embeddable":true,"href":"https:\/\/chagossianvoices.org\/cr\/wp-json\/wp\/v2\/comments?post=960"}],"version-history":[{"count":14,"href":"https:\/\/chagossianvoices.org\/cr\/wp-json\/wp\/v2\/pages\/960\/revisions"}],"predecessor-version":[{"id":2038,"href":"https:\/\/chagossianvoices.org\/cr\/wp-json\/wp\/v2\/pages\/960\/revisions\/2038"}],"wp:featuredmedia":[{"embeddable":true,"href":"https:\/\/chagossianvoices.org\/cr\/wp-json\/wp\/v2\/media\/728"}],"wp:attachment":[{"href":"https:\/\/chagossianvoices.org\/cr\/wp-json\/wp\/v2\/media?parent=960"}],"curies":[{"name":"wp","href":"https:\/\/api.w.org\/{rel}","templated":true}]}}