{"id":743,"date":"2022-07-12T14:19:13","date_gmt":"2022-07-12T14:19:13","guid":{"rendered":"https:\/\/chagossianvoices.org\/latest-news\/"},"modified":"2024-02-27T02:04:14","modified_gmt":"2024-02-27T02:04:14","slug":"bann-dernye-nouvel","status":"publish","type":"page","link":"https:\/\/chagossianvoices.org\/cr\/bann-dernye-nouvel\/","title":{"rendered":"Bann derny\u00e9 nouvel"},"content":{"rendered":"\n<div class=\"wp-block-group has-white-background-color has-background is-layout-flow wp-block-group-is-layout-flow\">\n<div style=\"height:20px\" aria-hidden=\"true\" class=\"wp-block-spacer\"><\/div>\n\n\n\n<div class=\"wp-block-query is-layout-flow wp-block-query-is-layout-flow\"><ul class=\"wp-block-post-template is-layout-flow wp-block-post-template-is-layout-flow\"><li class=\"wp-block-post post-2466 post type-post status-publish format-standard hentry category-uncategorized-cr\">\n<h2 class=\"wp-block-post-title\"><a href=\"https:\/\/chagossianvoices.org\/cr\/2025\/07\/16\/drwa-sitwayente-pou-sagosien-miz-a-zour-15-zilye-2025\/\" target=\"_self\" >Drwa Sitway\u00e8nt\u00e9 pou Sagosien: Miz-a-zour 15 zily\u00e9 2025<\/a><\/h2>\n\n<div class=\"wp-block-post-date\"><time datetime=\"2025-07-16T02:29:53+00:00\">July 16, 2025<\/time><\/div>\n\n<div class=\"wp-block-post-excerpt\"><p class=\"wp-block-post-excerpt__excerpt\">Lantr\u00e9 en vig\u00e8r lakor Diego Garcia p\u00e9 mark enn developma determinan dan drwa sitway\u00e8nt\u00e9 bann Sagosien. Pandan ki sitway\u00e8nt\u00e9 aktiel p\u00e9 pr\u00e9zerv\u00e9, perspektiv lor lavenir sitway\u00e8nt\u00e9 p\u00e9 soumet a bann sanzma inportan ki pou d\u00e9pann lor kouma ratifikasyon p\u00e9 \u00e9voly\u00e9. &#8211; Okenn Sanzma dan Sitway\u00e8nt\u00e9 Aktiel: Bann Sagosien ki deza p\u00e9 pos\u00e8d sitway\u00e8nt\u00e9 Britanik p\u00e9&#8230;&hellip; <\/p><\/div>\n<\/li><li class=\"wp-block-post post-2459 post type-post status-publish format-standard hentry category-uncategorized-cr\">\n<h2 class=\"wp-block-post-title\"><a href=\"https:\/\/chagossianvoices.org\/cr\/2025\/07\/07\/groupe-refugie-chagos-rasanblema-kominoter-ek-diskisyon\/\" target=\"_self\" >Groupe R\u00e9fugi\u00e9 Chagos: Rasanblema Kominot\u00e8r ek Diskisyon<\/a><\/h2>\n\n<div class=\"wp-block-post-date\"><time datetime=\"2025-07-07T08:42:12+00:00\">July 7, 2025<\/time><\/div>\n\n<div class=\"wp-block-post-excerpt\"><p class=\"wp-block-post-excerpt__excerpt\">R\u00e9nyon resan Groupe R\u00e9fugi\u00e9s Chagos (CRG), dimans 29 juin 2025, akot bann repr\u00e9sentan Sagosien depi Sesel ek Rwayom Ini ti r\u00e9uni dan Moris, finn met o-kl\u00e8r bann problem persistan ki ly\u00e9 avek reprezantasyon ek kominikasyon dan kominot\u00e9 la. Pr\u00e9sedan enn repas ki finn partaz\u00e9, r\u00e9nyon la so bi c\u00e9 inform bann partisipan la CRG so&#8230;&hellip; <\/p><\/div>\n<\/li><li class=\"wp-block-post post-2449 post type-post status-publish format-standard hentry category-uncategorized-cr\">\n<h2 class=\"wp-block-post-title\"><a href=\"https:\/\/chagossianvoices.org\/cr\/2025\/06\/30\/bann-militan-drwa-de-lom-sagosien-finn-rasanble-dan-geneve-pou-defann-zot-drwa-imin\/\" target=\"_self\" >Bann Militan Drwa de Lom Sagosien finn rasanbl\u00e9 dan Geneve pou defann zot Drwa Imin<\/a><\/h2>\n\n<div class=\"wp-block-post-date\"><time datetime=\"2025-06-30T04:18:44+00:00\">June 30, 2025<\/time><\/div>\n\n<div class=\"wp-block-post-excerpt\"><p class=\"wp-block-post-excerpt__excerpt\">Bann aktivis Sagosien depi Diego Garcia ensam avek bann desandan Sagosien, p\u00e9 milit avek pasyon pou zot drwa de retour lor zot zil natal, apr\u00e9 zot lekzil fors\u00e9 dan bann lan\u00e9 1960 ek 1970. Zot vwayaz ki zot fek f\u00e8r Geneve ti inportan pou f\u00e8r l\u00e9mond plis konsyan de zot bann difikilt\u00e9 ek zot finn&#8230;&hellip; <\/p><\/div>\n<\/li><\/ul>\n\n<nav class=\"wp-block-query-pagination is-layout-flex wp-block-query-pagination-is-layout-flex\" aria-label=\"Pagination\">\n\n\n<div class=\"wp-block-query-pagination-numbers\"><span aria-current=\"page\" class=\"page-numbers current\">1<\/span>\n<a class=\"page-numbers\" href=\"?query-0-page=2\">2<\/a>\n<a class=\"page-numbers\" href=\"?query-0-page=3\">3<\/a>\n<span class=\"page-numbers dots\">&hellip;<\/span>\n<a class=\"page-numbers\" href=\"?query-0-page=7\">7<\/a><\/div>\n\n<a href=\"\/cr\/wp-json\/wp\/v2\/pages\/743?query-0-page=2\" class=\"wp-block-query-pagination-next\">Next Page<\/a>\n<\/nav>\n\n<\/div>\n<\/div>\n","protected":false},"excerpt":{"rendered":"","protected":false},"author":1,"featured_media":728,"parent":0,"menu_order":0,"comment_status":"closed","ping_status":"closed","template":"page-large-header","meta":{"_acf_changed":false,"_bbp_topic_count":0,"_bbp_reply_count":0,"_bbp_total_topic_count":0,"_bbp_total_reply_count":0,"_bbp_voice_count":0,"_bbp_anonymous_reply_count":0,"_bbp_topic_count_hidden":0,"_bbp_reply_count_hidden":0,"_bbp_forum_subforum_count":0,"footnotes":""},"class_list":["post-743","page","type-page","status-publish","has-post-thumbnail","hentry"],"acf":[],"yoast_head":"<!-- This site is optimized with the Yoast SEO plugin v27.6 - https:\/\/yoast.com\/product\/yoast-seo-wordpress\/ -->\n<title>Bann derny\u00e9 nouvel - Chagossian Voices<\/title>\n<meta name=\"robots\" content=\"index, follow, max-snippet:-1, max-image-preview:large, max-video-preview:-1\" \/>\n<link rel=\"canonical\" href=\"https:\/\/chagossianvoices.org\/latest-news\/\" \/>\n<link rel=\"next\" href=\"https:\/\/chagossianvoices.org\/latest-news\/743?query-0-page=2\" \/>\n<meta property=\"og:locale\" content=\"en_US\" \/>\n<meta property=\"og:type\" content=\"article\" \/>\n<meta property=\"og:title\" content=\"Bann derny\u00e9 nouvel - Chagossian Voices\" \/>\n<meta property=\"og:url\" content=\"https:\/\/chagossianvoices.org\/latest-news\/\" \/>\n<meta property=\"og:site_name\" content=\"Chagossian Voices\" \/>\n<meta property=\"article:modified_time\" content=\"2024-02-27T02:04:14+00:00\" \/>\n<meta property=\"og:image\" content=\"https:\/\/chagossianvoices.org\/wp-content\/uploads\/2022\/07\/Peros-Banhos-Lagoon-Knolls-Ile-du-coin_2015_c-Jon-Slayer-scaled.jpg\" \/>\n\t<meta property=\"og:image:width\" content=\"2560\" \/>\n\t<meta property=\"og:image:height\" content=\"1441\" \/>\n\t<meta property=\"og:image:type\" content=\"image\/jpeg\" \/>\n<meta name=\"twitter:card\" content=\"summary_large_image\" \/>\n<meta name=\"twitter:label1\" content=\"Est. reading time\" \/>\n\t<meta name=\"twitter:data1\" content=\"1 minute\" \/>\n<script type=\"application\/ld+json\" class=\"yoast-schema-graph\">{\"@context\":\"https:\\\/\\\/schema.org\",\"@graph\":[{\"@type\":\"WebPage\",\"@id\":\"https:\\\/\\\/chagossianvoices.org\\\/latest-news\\\/\",\"url\":\"https:\\\/\\\/chagossianvoices.org\\\/latest-news\\\/\",\"name\":\"Bann derny\u00e9 nouvel - Chagossian Voices\",\"isPartOf\":{\"@id\":\"https:\\\/\\\/chagossianvoices.org\\\/#website\"},\"primaryImageOfPage\":{\"@id\":\"https:\\\/\\\/chagossianvoices.org\\\/latest-news\\\/#primaryimage\"},\"image\":{\"@id\":\"https:\\\/\\\/chagossianvoices.org\\\/latest-news\\\/#primaryimage\"},\"thumbnailUrl\":\"https:\\\/\\\/chagossianvoices.org\\\/wp-content\\\/uploads\\\/2022\\\/07\\\/Peros-Banhos-Lagoon-Knolls-Ile-du-coin_2015_c-Jon-Slayer-scaled.jpg\",\"datePublished\":\"2022-07-12T14:19:13+00:00\",\"dateModified\":\"2024-02-27T02:04:14+00:00\",\"breadcrumb\":{\"@id\":\"https:\\\/\\\/chagossianvoices.org\\\/latest-news\\\/#breadcrumb\"},\"inLanguage\":\"kr\",\"potentialAction\":[{\"@type\":\"ReadAction\",\"target\":[\"https:\\\/\\\/chagossianvoices.org\\\/latest-news\\\/\"]}]},{\"@type\":\"ImageObject\",\"inLanguage\":\"kr\",\"@id\":\"https:\\\/\\\/chagossianvoices.org\\\/latest-news\\\/#primaryimage\",\"url\":\"https:\\\/\\\/chagossianvoices.org\\\/wp-content\\\/uploads\\\/2022\\\/07\\\/Peros-Banhos-Lagoon-Knolls-Ile-du-coin_2015_c-Jon-Slayer-scaled.jpg\",\"contentUrl\":\"https:\\\/\\\/chagossianvoices.org\\\/wp-content\\\/uploads\\\/2022\\\/07\\\/Peros-Banhos-Lagoon-Knolls-Ile-du-coin_2015_c-Jon-Slayer-scaled.jpg\",\"width\":2560,\"height\":1441,\"caption\":\"Peros Banhos Lagoon Knolls, Ile du coin_2015_(c) Jon Slayer\"},{\"@type\":\"BreadcrumbList\",\"@id\":\"https:\\\/\\\/chagossianvoices.org\\\/latest-news\\\/#breadcrumb\",\"itemListElement\":[{\"@type\":\"ListItem\",\"position\":1,\"name\":\"Home\",\"item\":\"https:\\\/\\\/chagossianvoices.org\\\/cr\\\/\"},{\"@type\":\"ListItem\",\"position\":2,\"name\":\"Bann derny\u00e9 nouvel\"}]},{\"@type\":\"WebSite\",\"@id\":\"https:\\\/\\\/chagossianvoices.org\\\/#website\",\"url\":\"https:\\\/\\\/chagossianvoices.org\\\/\",\"name\":\"Chagossian Voices\",\"description\":\"Just another WordPress site\",\"publisher\":{\"@id\":\"https:\\\/\\\/chagossianvoices.org\\\/#organization\"},\"potentialAction\":[{\"@type\":\"SearchAction\",\"target\":{\"@type\":\"EntryPoint\",\"urlTemplate\":\"https:\\\/\\\/chagossianvoices.org\\\/?s={search_term_string}\"},\"query-input\":{\"@type\":\"PropertyValueSpecification\",\"valueRequired\":true,\"valueName\":\"search_term_string\"}}],\"inLanguage\":\"kr\"},{\"@type\":\"Organization\",\"@id\":\"https:\\\/\\\/chagossianvoices.org\\\/#organization\",\"name\":\"Chagossian Voices\",\"url\":\"https:\\\/\\\/chagossianvoices.org\\\/\",\"logo\":{\"@type\":\"ImageObject\",\"inLanguage\":\"kr\",\"@id\":\"https:\\\/\\\/chagossianvoices.org\\\/#\\\/schema\\\/logo\\\/image\\\/\",\"url\":\"https:\\\/\\\/chagossianvoices.org\\\/wp-content\\\/uploads\\\/2021\\\/12\\\/ChagossianVoices-Logo@2x1.png\",\"contentUrl\":\"https:\\\/\\\/chagossianvoices.org\\\/wp-content\\\/uploads\\\/2021\\\/12\\\/ChagossianVoices-Logo@2x1.png\",\"width\":560,\"height\":160,\"caption\":\"Chagossian Voices\"},\"image\":{\"@id\":\"https:\\\/\\\/chagossianvoices.org\\\/#\\\/schema\\\/logo\\\/image\\\/\"}}]}<\/script>\n<!-- \/ Yoast SEO plugin. -->","yoast_head_json":{"title":"Bann derny\u00e9 nouvel - Chagossian Voices","robots":{"index":"index","follow":"follow","max-snippet":"max-snippet:-1","max-image-preview":"max-image-preview:large","max-video-preview":"max-video-preview:-1"},"canonical":"https:\/\/chagossianvoices.org\/latest-news\/","next":"https:\/\/chagossianvoices.org\/latest-news\/743?query-0-page=2","og_locale":"en_US","og_type":"article","og_title":"Bann derny\u00e9 nouvel - Chagossian Voices","og_url":"https:\/\/chagossianvoices.org\/latest-news\/","og_site_name":"Chagossian Voices","article_modified_time":"2024-02-27T02:04:14+00:00","og_image":[{"width":2560,"height":1441,"url":"https:\/\/chagossianvoices.org\/wp-content\/uploads\/2022\/07\/Peros-Banhos-Lagoon-Knolls-Ile-du-coin_2015_c-Jon-Slayer-scaled.jpg","type":"image\/jpeg"}],"twitter_card":"summary_large_image","twitter_misc":{"Est. reading time":"1 minute"},"schema":{"@context":"https:\/\/schema.org","@graph":[{"@type":"WebPage","@id":"https:\/\/chagossianvoices.org\/latest-news\/","url":"https:\/\/chagossianvoices.org\/latest-news\/","name":"Bann derny\u00e9 nouvel - Chagossian Voices","isPartOf":{"@id":"https:\/\/chagossianvoices.org\/#website"},"primaryImageOfPage":{"@id":"https:\/\/chagossianvoices.org\/latest-news\/#primaryimage"},"image":{"@id":"https:\/\/chagossianvoices.org\/latest-news\/#primaryimage"},"thumbnailUrl":"https:\/\/chagossianvoices.org\/wp-content\/uploads\/2022\/07\/Peros-Banhos-Lagoon-Knolls-Ile-du-coin_2015_c-Jon-Slayer-scaled.jpg","datePublished":"2022-07-12T14:19:13+00:00","dateModified":"2024-02-27T02:04:14+00:00","breadcrumb":{"@id":"https:\/\/chagossianvoices.org\/latest-news\/#breadcrumb"},"inLanguage":"kr","potentialAction":[{"@type":"ReadAction","target":["https:\/\/chagossianvoices.org\/latest-news\/"]}]},{"@type":"ImageObject","inLanguage":"kr","@id":"https:\/\/chagossianvoices.org\/latest-news\/#primaryimage","url":"https:\/\/chagossianvoices.org\/wp-content\/uploads\/2022\/07\/Peros-Banhos-Lagoon-Knolls-Ile-du-coin_2015_c-Jon-Slayer-scaled.jpg","contentUrl":"https:\/\/chagossianvoices.org\/wp-content\/uploads\/2022\/07\/Peros-Banhos-Lagoon-Knolls-Ile-du-coin_2015_c-Jon-Slayer-scaled.jpg","width":2560,"height":1441,"caption":"Peros Banhos Lagoon Knolls, Ile du coin_2015_(c) Jon Slayer"},{"@type":"BreadcrumbList","@id":"https:\/\/chagossianvoices.org\/latest-news\/#breadcrumb","itemListElement":[{"@type":"ListItem","position":1,"name":"Home","item":"https:\/\/chagossianvoices.org\/cr\/"},{"@type":"ListItem","position":2,"name":"Bann derny\u00e9 nouvel"}]},{"@type":"WebSite","@id":"https:\/\/chagossianvoices.org\/#website","url":"https:\/\/chagossianvoices.org\/","name":"Chagossian Voices","description":"Just another WordPress site","publisher":{"@id":"https:\/\/chagossianvoices.org\/#organization"},"potentialAction":[{"@type":"SearchAction","target":{"@type":"EntryPoint","urlTemplate":"https:\/\/chagossianvoices.org\/?s={search_term_string}"},"query-input":{"@type":"PropertyValueSpecification","valueRequired":true,"valueName":"search_term_string"}}],"inLanguage":"kr"},{"@type":"Organization","@id":"https:\/\/chagossianvoices.org\/#organization","name":"Chagossian Voices","url":"https:\/\/chagossianvoices.org\/","logo":{"@type":"ImageObject","inLanguage":"kr","@id":"https:\/\/chagossianvoices.org\/#\/schema\/logo\/image\/","url":"https:\/\/chagossianvoices.org\/wp-content\/uploads\/2021\/12\/ChagossianVoices-Logo@2x1.png","contentUrl":"https:\/\/chagossianvoices.org\/wp-content\/uploads\/2021\/12\/ChagossianVoices-Logo@2x1.png","width":560,"height":160,"caption":"Chagossian Voices"},"image":{"@id":"https:\/\/chagossianvoices.org\/#\/schema\/logo\/image\/"}}]}},"_links":{"self":[{"href":"https:\/\/chagossianvoices.org\/cr\/wp-json\/wp\/v2\/pages\/743","targetHints":{"allow":["GET"]}}],"collection":[{"href":"https:\/\/chagossianvoices.org\/cr\/wp-json\/wp\/v2\/pages"}],"about":[{"href":"https:\/\/chagossianvoices.org\/cr\/wp-json\/wp\/v2\/types\/page"}],"author":[{"embeddable":true,"href":"https:\/\/chagossianvoices.org\/cr\/wp-json\/wp\/v2\/users\/1"}],"replies":[{"embeddable":true,"href":"https:\/\/chagossianvoices.org\/cr\/wp-json\/wp\/v2\/comments?post=743"}],"version-history":[{"count":8,"href":"https:\/\/chagossianvoices.org\/cr\/wp-json\/wp\/v2\/pages\/743\/revisions"}],"predecessor-version":[{"id":2060,"href":"https:\/\/chagossianvoices.org\/cr\/wp-json\/wp\/v2\/pages\/743\/revisions\/2060"}],"wp:featuredmedia":[{"embeddable":true,"href":"https:\/\/chagossianvoices.org\/cr\/wp-json\/wp\/v2\/media\/728"}],"wp:attachment":[{"href":"https:\/\/chagossianvoices.org\/cr\/wp-json\/wp\/v2\/media?parent=743"}],"curies":[{"name":"wp","href":"https:\/\/api.w.org\/{rel}","templated":true}]}}