{"id":739,"date":"2022-03-04T16:37:33","date_gmt":"2022-03-04T16:37:33","guid":{"rendered":"https:\/\/chagossianvoices.org\/ceki-nou-fer\/"},"modified":"2022-07-27T13:35:24","modified_gmt":"2022-07-27T13:35:24","slug":"ceki-nou-fer","status":"publish","type":"page","link":"https:\/\/chagossianvoices.org\/cr\/ceki-nou-fer\/","title":{"rendered":"Ceki nou f\u00e8r"},"content":{"rendered":"\n<h1 class=\"wp-block-heading\">Ceki nou f\u00e8r<\/h1>\n\n\n\n<ul class=\"wp-block-list\"><li>Off\u00e8r ene platform piblik ek kominot\u00e8r pou bann konferans, r\u00e9union, \u00e9v\u00e9nema kominot\u00e8r, r\u00e9zo socio ek la presse ek media audiovisiel \u00e0 bann sagosien a traver l\u00e9 monde. Nou paz <a href=\"https:\/\/www.facebook.com\/chagossianvoices\" target=\"_blank\" rel=\"noreferrer noopener\">Facebook<\/a> ek <a href=\"https:\/\/twitter.com\/ChagossianVoic2\" target=\"_blank\" rel=\"noreferrer noopener\">Twitter<\/a> <\/li><li>Organiz kanpay ek kominikation ki kapav amelior la vie kominot\u00e9 sagosien ki finn exil\u00e9 \u00e0 traver dialog ek bann decid\u00e8r, bann instance gouvernementale ek la presse<\/li><li>Constrir bann ponts entre bann organisation sagosien ek form bann partenaria avek zot pou siport zot activit\u00e9s ek but<\/li><li>Kr\u00e9 conexion avek bann organisation, individi ek organism ki kapav soutenir kominot\u00e9 sagosien<\/li><li>Kr\u00e9 enn r\u00e9zo de bann sers\u00e8r ek iniversit\u00e8r ki kapav fourni bann prev ek eklersisma ki pou faire ene l\u2019avancement dan la vie sagosien<\/li><li>\u00c9tablir bann partenaria avek bann ecolozis ki aide entretenir bann zils ek relation entre dimounn ek bann zils<\/li><\/ul>\n\n\n\n<figure class=\"wp-block-image aligncenter size-full\"><img loading=\"lazy\" decoding=\"async\" width=\"615\" height=\"410\" src=\"https:\/\/chagossianvoices.org\/wp-content\/uploads\/2022\/07\/0_Chagossians-have-regularly-campaigned-against-the-British-government-for-the-decision-to-take-control-of-the-Chagos.jpg\" alt=\"\" class=\"wp-image-720\" srcset=\"https:\/\/chagossianvoices.org\/wp-content\/uploads\/2022\/07\/0_Chagossians-have-regularly-campaigned-against-the-British-government-for-the-decision-to-take-control-of-the-Chagos.jpg 615w, https:\/\/chagossianvoices.org\/wp-content\/uploads\/2022\/07\/0_Chagossians-have-regularly-campaigned-against-the-British-government-for-the-decision-to-take-control-of-the-Chagos-300x200.jpg 300w, https:\/\/chagossianvoices.org\/wp-content\/uploads\/2022\/07\/0_Chagossians-have-regularly-campaigned-against-the-British-government-for-the-decision-to-take-control-of-the-Chagos-600x400.jpg 600w\" sizes=\"auto, (max-width: 615px) 100vw, 615px\" \/><\/figure>\n\n\n\n<h2 class=\"wp-block-heading\">Nou bann kanpay<\/h2>\n\n\n\n<ul class=\"wp-block-list\"><li><a href=\"https:\/\/chagossianvoices.org\/cr\/nou-kanpay-pou-sitwayinte-britanik\/\">Droit sitwayint\u00e9 Britanik pou bann sagosien ek zot fami<\/a><\/li><li>L\u2019auto-d\u00e9termination bann sagosien par rapor a souver\u00e8nt\u00e9 larsipel sagos<\/li><li>Siport droit retour bann sagosien dan bann zils<\/li><li>F\u00e8r en sorte ki la vwa sagosien tand\u00e9 au internasyonal ek gouvernemental<\/li><li>Ad\u00e8r a bann projet pou siport la sant\u00e9, bien-\u00eatre, ledikasyon, formasyon ek la sant\u00e9 financi\u00e9 de la kominot\u00e9<\/li><li>Preserv ek develop kiltir ek listwar de la kominot\u00e9 sagosien<\/li><li>Partenaria avek bann group environmentaux pou assir\u00e9 ki la vwa pep sagosien repr\u00e9sent\u00e9 ek ki l\u2019\u00e9cosyst\u00e8me kiltirel sagosien pr\u00e9serv\u00e9<\/li><li>Constriksyon enn centre kominot\u00e8r sagosien dan Rwayom-Ini<\/li><li>Alokasyon fin\u00e9r\u00e8r pou sagosien<\/li><li>zestion package Gouvernma Britanik \u00a340 million liv dan l\u2019int\u00e9r\u00eat l\u2019ensemble de la kominot\u00e9 sagosien a travers l\u00e9monde.<\/li><\/ul>\n\n\n\n<div class=\"wp-block-group is-layout-flow wp-block-group-is-layout-flow\">\n<div class=\"wp-block-columns is-layout-flex wp-container-core-columns-is-layout-9d6595d7 wp-block-columns-is-layout-flex\">\n<div class=\"wp-block-column is-layout-flow wp-block-column-is-layout-flow\" style=\"flex-basis:100%\">\n<div class=\"wp-block-buttons is-layout-flex wp-block-buttons-is-layout-flex\"><\/div>\n<\/div>\n<\/div>\n<\/div>\n","protected":false},"excerpt":{"rendered":"<p>Ceki nou f\u00e8r Off\u00e8r ene platform piblik ek kominot\u00e8r pou bann konferans, r\u00e9union, \u00e9v\u00e9nema kominot\u00e8r, r\u00e9zo socio ek la presse ek media audiovisiel \u00e0 bann sagosien a traver l\u00e9 monde. Nou paz Facebook ek Twitter Organiz kanpay ek kominikation ki kapav amelior la vie kominot\u00e9 sagosien ki finn exil\u00e9 \u00e0 traver dialog ek bann decid\u00e8r,&#8230; <a href=\"https:\/\/chagossianvoices.org\/cr\/ceki-nou-fer\/\" class=\"btn btn-primary\">Lire la swit<\/a><\/p>\n","protected":false},"author":1,"featured_media":731,"parent":0,"menu_order":0,"comment_status":"closed","ping_status":"closed","template":"page-large-header","meta":{"_acf_changed":false,"_bbp_topic_count":0,"_bbp_reply_count":0,"_bbp_total_topic_count":0,"_bbp_total_reply_count":0,"_bbp_voice_count":0,"_bbp_anonymous_reply_count":0,"_bbp_topic_count_hidden":0,"_bbp_reply_count_hidden":0,"_bbp_forum_subforum_count":0,"footnotes":""},"class_list":["post-739","page","type-page","status-publish","has-post-thumbnail","hentry"],"acf":[],"yoast_head":"<!-- This site is optimized with the Yoast SEO plugin v27.6 - https:\/\/yoast.com\/product\/yoast-seo-wordpress\/ -->\n<title>Ceki nou f\u00e8r - Chagossian Voices<\/title>\n<meta name=\"robots\" content=\"index, follow, max-snippet:-1, max-image-preview:large, max-video-preview:-1\" \/>\n<link rel=\"canonical\" href=\"https:\/\/chagossianvoices.org\/cr\/ceki-nou-fer\/\" \/>\n<meta property=\"og:locale\" content=\"en_US\" \/>\n<meta property=\"og:type\" content=\"article\" \/>\n<meta property=\"og:title\" content=\"Ceki nou f\u00e8r - Chagossian Voices\" \/>\n<meta property=\"og:description\" content=\"Ceki nou f\u00e8r Off\u00e8r ene platform piblik ek kominot\u00e8r pou bann konferans, r\u00e9union, \u00e9v\u00e9nema kominot\u00e8r, r\u00e9zo socio ek la presse ek media audiovisiel \u00e0 bann sagosien a traver l\u00e9 monde. Nou paz Facebook ek Twitter Organiz kanpay ek kominikation ki kapav amelior la vie kominot\u00e9 sagosien ki finn exil\u00e9 \u00e0 traver dialog ek bann decid\u00e8r,... Lire la swit\" \/>\n<meta property=\"og:url\" content=\"https:\/\/chagossianvoices.org\/cr\/ceki-nou-fer\/\" \/>\n<meta property=\"og:site_name\" content=\"Chagossian Voices\" \/>\n<meta property=\"article:modified_time\" content=\"2022-07-27T13:35:24+00:00\" \/>\n<meta property=\"og:image\" content=\"https:\/\/chagossianvoices.org\/wp-content\/uploads\/2022\/07\/Hawksbill-Turtle-_-Threadfin-Butterflyfish-in-a-branching-Arcopora-Garden-Salomon-Lagoon-near-Ile-Boddam_2006_turtle_c-Jon-Slayer..jpg\" \/>\n\t<meta property=\"og:image:width\" content=\"1946\" \/>\n\t<meta property=\"og:image:height\" content=\"1476\" \/>\n\t<meta property=\"og:image:type\" content=\"image\/jpeg\" \/>\n<meta name=\"twitter:card\" content=\"summary_large_image\" \/>\n<meta name=\"twitter:label1\" content=\"Est. reading time\" \/>\n\t<meta name=\"twitter:data1\" content=\"2 minutes\" \/>\n<script type=\"application\/ld+json\" class=\"yoast-schema-graph\">{\"@context\":\"https:\\\/\\\/schema.org\",\"@graph\":[{\"@type\":\"WebPage\",\"@id\":\"https:\\\/\\\/chagossianvoices.org\\\/cr\\\/ceki-nou-fer\\\/\",\"url\":\"https:\\\/\\\/chagossianvoices.org\\\/cr\\\/ceki-nou-fer\\\/\",\"name\":\"Ceki nou f\u00e8r - Chagossian Voices\",\"isPartOf\":{\"@id\":\"https:\\\/\\\/chagossianvoices.org\\\/#website\"},\"primaryImageOfPage\":{\"@id\":\"https:\\\/\\\/chagossianvoices.org\\\/cr\\\/ceki-nou-fer\\\/#primaryimage\"},\"image\":{\"@id\":\"https:\\\/\\\/chagossianvoices.org\\\/cr\\\/ceki-nou-fer\\\/#primaryimage\"},\"thumbnailUrl\":\"https:\\\/\\\/chagossianvoices.org\\\/wp-content\\\/uploads\\\/2022\\\/07\\\/Hawksbill-Turtle-_-Threadfin-Butterflyfish-in-a-branching-Arcopora-Garden-Salomon-Lagoon-near-Ile-Boddam_2006_turtle_c-Jon-Slayer..jpg\",\"datePublished\":\"2022-03-04T16:37:33+00:00\",\"dateModified\":\"2022-07-27T13:35:24+00:00\",\"breadcrumb\":{\"@id\":\"https:\\\/\\\/chagossianvoices.org\\\/cr\\\/ceki-nou-fer\\\/#breadcrumb\"},\"inLanguage\":\"kr\",\"potentialAction\":[{\"@type\":\"ReadAction\",\"target\":[\"https:\\\/\\\/chagossianvoices.org\\\/cr\\\/ceki-nou-fer\\\/\"]}]},{\"@type\":\"ImageObject\",\"inLanguage\":\"kr\",\"@id\":\"https:\\\/\\\/chagossianvoices.org\\\/cr\\\/ceki-nou-fer\\\/#primaryimage\",\"url\":\"https:\\\/\\\/chagossianvoices.org\\\/wp-content\\\/uploads\\\/2022\\\/07\\\/Hawksbill-Turtle-_-Threadfin-Butterflyfish-in-a-branching-Arcopora-Garden-Salomon-Lagoon-near-Ile-Boddam_2006_turtle_c-Jon-Slayer..jpg\",\"contentUrl\":\"https:\\\/\\\/chagossianvoices.org\\\/wp-content\\\/uploads\\\/2022\\\/07\\\/Hawksbill-Turtle-_-Threadfin-Butterflyfish-in-a-branching-Arcopora-Garden-Salomon-Lagoon-near-Ile-Boddam_2006_turtle_c-Jon-Slayer..jpg\",\"width\":1946,\"height\":1476},{\"@type\":\"BreadcrumbList\",\"@id\":\"https:\\\/\\\/chagossianvoices.org\\\/cr\\\/ceki-nou-fer\\\/#breadcrumb\",\"itemListElement\":[{\"@type\":\"ListItem\",\"position\":1,\"name\":\"Home\",\"item\":\"https:\\\/\\\/chagossianvoices.org\\\/cr\\\/\"},{\"@type\":\"ListItem\",\"position\":2,\"name\":\"Ceki nou f\u00e8r\"}]},{\"@type\":\"WebSite\",\"@id\":\"https:\\\/\\\/chagossianvoices.org\\\/#website\",\"url\":\"https:\\\/\\\/chagossianvoices.org\\\/\",\"name\":\"Chagossian Voices\",\"description\":\"Just another WordPress site\",\"publisher\":{\"@id\":\"https:\\\/\\\/chagossianvoices.org\\\/#organization\"},\"potentialAction\":[{\"@type\":\"SearchAction\",\"target\":{\"@type\":\"EntryPoint\",\"urlTemplate\":\"https:\\\/\\\/chagossianvoices.org\\\/?s={search_term_string}\"},\"query-input\":{\"@type\":\"PropertyValueSpecification\",\"valueRequired\":true,\"valueName\":\"search_term_string\"}}],\"inLanguage\":\"kr\"},{\"@type\":\"Organization\",\"@id\":\"https:\\\/\\\/chagossianvoices.org\\\/#organization\",\"name\":\"Chagossian Voices\",\"url\":\"https:\\\/\\\/chagossianvoices.org\\\/\",\"logo\":{\"@type\":\"ImageObject\",\"inLanguage\":\"kr\",\"@id\":\"https:\\\/\\\/chagossianvoices.org\\\/#\\\/schema\\\/logo\\\/image\\\/\",\"url\":\"https:\\\/\\\/chagossianvoices.org\\\/wp-content\\\/uploads\\\/2021\\\/12\\\/ChagossianVoices-Logo@2x1.png\",\"contentUrl\":\"https:\\\/\\\/chagossianvoices.org\\\/wp-content\\\/uploads\\\/2021\\\/12\\\/ChagossianVoices-Logo@2x1.png\",\"width\":560,\"height\":160,\"caption\":\"Chagossian Voices\"},\"image\":{\"@id\":\"https:\\\/\\\/chagossianvoices.org\\\/#\\\/schema\\\/logo\\\/image\\\/\"}}]}<\/script>\n<!-- \/ Yoast SEO plugin. -->","yoast_head_json":{"title":"Ceki nou f\u00e8r - Chagossian Voices","robots":{"index":"index","follow":"follow","max-snippet":"max-snippet:-1","max-image-preview":"max-image-preview:large","max-video-preview":"max-video-preview:-1"},"canonical":"https:\/\/chagossianvoices.org\/cr\/ceki-nou-fer\/","og_locale":"en_US","og_type":"article","og_title":"Ceki nou f\u00e8r - Chagossian Voices","og_description":"Ceki nou f\u00e8r Off\u00e8r ene platform piblik ek kominot\u00e8r pou bann konferans, r\u00e9union, \u00e9v\u00e9nema kominot\u00e8r, r\u00e9zo socio ek la presse ek media audiovisiel \u00e0 bann sagosien a traver l\u00e9 monde. Nou paz Facebook ek Twitter Organiz kanpay ek kominikation ki kapav amelior la vie kominot\u00e9 sagosien ki finn exil\u00e9 \u00e0 traver dialog ek bann decid\u00e8r,... Lire la swit","og_url":"https:\/\/chagossianvoices.org\/cr\/ceki-nou-fer\/","og_site_name":"Chagossian Voices","article_modified_time":"2022-07-27T13:35:24+00:00","og_image":[{"width":1946,"height":1476,"url":"https:\/\/chagossianvoices.org\/wp-content\/uploads\/2022\/07\/Hawksbill-Turtle-_-Threadfin-Butterflyfish-in-a-branching-Arcopora-Garden-Salomon-Lagoon-near-Ile-Boddam_2006_turtle_c-Jon-Slayer..jpg","type":"image\/jpeg"}],"twitter_card":"summary_large_image","twitter_misc":{"Est. reading time":"2 minutes"},"schema":{"@context":"https:\/\/schema.org","@graph":[{"@type":"WebPage","@id":"https:\/\/chagossianvoices.org\/cr\/ceki-nou-fer\/","url":"https:\/\/chagossianvoices.org\/cr\/ceki-nou-fer\/","name":"Ceki nou f\u00e8r - Chagossian Voices","isPartOf":{"@id":"https:\/\/chagossianvoices.org\/#website"},"primaryImageOfPage":{"@id":"https:\/\/chagossianvoices.org\/cr\/ceki-nou-fer\/#primaryimage"},"image":{"@id":"https:\/\/chagossianvoices.org\/cr\/ceki-nou-fer\/#primaryimage"},"thumbnailUrl":"https:\/\/chagossianvoices.org\/wp-content\/uploads\/2022\/07\/Hawksbill-Turtle-_-Threadfin-Butterflyfish-in-a-branching-Arcopora-Garden-Salomon-Lagoon-near-Ile-Boddam_2006_turtle_c-Jon-Slayer..jpg","datePublished":"2022-03-04T16:37:33+00:00","dateModified":"2022-07-27T13:35:24+00:00","breadcrumb":{"@id":"https:\/\/chagossianvoices.org\/cr\/ceki-nou-fer\/#breadcrumb"},"inLanguage":"kr","potentialAction":[{"@type":"ReadAction","target":["https:\/\/chagossianvoices.org\/cr\/ceki-nou-fer\/"]}]},{"@type":"ImageObject","inLanguage":"kr","@id":"https:\/\/chagossianvoices.org\/cr\/ceki-nou-fer\/#primaryimage","url":"https:\/\/chagossianvoices.org\/wp-content\/uploads\/2022\/07\/Hawksbill-Turtle-_-Threadfin-Butterflyfish-in-a-branching-Arcopora-Garden-Salomon-Lagoon-near-Ile-Boddam_2006_turtle_c-Jon-Slayer..jpg","contentUrl":"https:\/\/chagossianvoices.org\/wp-content\/uploads\/2022\/07\/Hawksbill-Turtle-_-Threadfin-Butterflyfish-in-a-branching-Arcopora-Garden-Salomon-Lagoon-near-Ile-Boddam_2006_turtle_c-Jon-Slayer..jpg","width":1946,"height":1476},{"@type":"BreadcrumbList","@id":"https:\/\/chagossianvoices.org\/cr\/ceki-nou-fer\/#breadcrumb","itemListElement":[{"@type":"ListItem","position":1,"name":"Home","item":"https:\/\/chagossianvoices.org\/cr\/"},{"@type":"ListItem","position":2,"name":"Ceki nou f\u00e8r"}]},{"@type":"WebSite","@id":"https:\/\/chagossianvoices.org\/#website","url":"https:\/\/chagossianvoices.org\/","name":"Chagossian Voices","description":"Just another WordPress site","publisher":{"@id":"https:\/\/chagossianvoices.org\/#organization"},"potentialAction":[{"@type":"SearchAction","target":{"@type":"EntryPoint","urlTemplate":"https:\/\/chagossianvoices.org\/?s={search_term_string}"},"query-input":{"@type":"PropertyValueSpecification","valueRequired":true,"valueName":"search_term_string"}}],"inLanguage":"kr"},{"@type":"Organization","@id":"https:\/\/chagossianvoices.org\/#organization","name":"Chagossian Voices","url":"https:\/\/chagossianvoices.org\/","logo":{"@type":"ImageObject","inLanguage":"kr","@id":"https:\/\/chagossianvoices.org\/#\/schema\/logo\/image\/","url":"https:\/\/chagossianvoices.org\/wp-content\/uploads\/2021\/12\/ChagossianVoices-Logo@2x1.png","contentUrl":"https:\/\/chagossianvoices.org\/wp-content\/uploads\/2021\/12\/ChagossianVoices-Logo@2x1.png","width":560,"height":160,"caption":"Chagossian Voices"},"image":{"@id":"https:\/\/chagossianvoices.org\/#\/schema\/logo\/image\/"}}]}},"_links":{"self":[{"href":"https:\/\/chagossianvoices.org\/cr\/wp-json\/wp\/v2\/pages\/739","targetHints":{"allow":["GET"]}}],"collection":[{"href":"https:\/\/chagossianvoices.org\/cr\/wp-json\/wp\/v2\/pages"}],"about":[{"href":"https:\/\/chagossianvoices.org\/cr\/wp-json\/wp\/v2\/types\/page"}],"author":[{"embeddable":true,"href":"https:\/\/chagossianvoices.org\/cr\/wp-json\/wp\/v2\/users\/1"}],"replies":[{"embeddable":true,"href":"https:\/\/chagossianvoices.org\/cr\/wp-json\/wp\/v2\/comments?post=739"}],"version-history":[{"count":14,"href":"https:\/\/chagossianvoices.org\/cr\/wp-json\/wp\/v2\/pages\/739\/revisions"}],"predecessor-version":[{"id":874,"href":"https:\/\/chagossianvoices.org\/cr\/wp-json\/wp\/v2\/pages\/739\/revisions\/874"}],"wp:featuredmedia":[{"embeddable":true,"href":"https:\/\/chagossianvoices.org\/cr\/wp-json\/wp\/v2\/media\/731"}],"wp:attachment":[{"href":"https:\/\/chagossianvoices.org\/cr\/wp-json\/wp\/v2\/media?parent=739"}],"curies":[{"name":"wp","href":"https:\/\/api.w.org\/{rel}","templated":true}]}}