{"id":2053,"date":"2023-12-09T14:50:19","date_gmt":"2023-12-09T14:50:19","guid":{"rendered":"https:\/\/chagossianvoices.org\/1-kontribisyon-dan-lekzamin-periodik-iniversel-moris-upr-dan-lonu-nov-2023\/"},"modified":"2024-02-27T01:33:53","modified_gmt":"2024-02-27T01:33:53","slug":"1-kontribisyon-dan-lekzamin-periodik-iniversel-moris-upr-dan-lonu-nov-2023","status":"publish","type":"page","link":"https:\/\/chagossianvoices.org\/cr\/1-kontribisyon-dan-lekzamin-periodik-iniversel-moris-upr-dan-lonu-nov-2023\/","title":{"rendered":"1. Kontribisyon dan Lekzamin Periodik Iniversel Moris (UPR) dan l&#8217;ONU: Nov 2023"},"content":{"rendered":"\n<figure class=\"wp-block-gallery has-nested-images columns-default is-cropped wp-block-gallery-1 is-layout-flex wp-block-gallery-is-layout-flex\">\n<figure class=\"wp-block-image size-large\"><img loading=\"lazy\" decoding=\"async\" width=\"768\" height=\"1024\" data-id=\"1682\" src=\"https:\/\/chagossianvoices.org\/wp-content\/uploads\/2023\/12\/IMG_7319-768x1024.jpg\" alt=\"\" class=\"wp-image-1682\" srcset=\"https:\/\/chagossianvoices.org\/wp-content\/uploads\/2023\/12\/IMG_7319-768x1024.jpg 768w, https:\/\/chagossianvoices.org\/wp-content\/uploads\/2023\/12\/IMG_7319-225x300.jpg 225w, https:\/\/chagossianvoices.org\/wp-content\/uploads\/2023\/12\/IMG_7319-1152x1536.jpg 1152w, https:\/\/chagossianvoices.org\/wp-content\/uploads\/2023\/12\/IMG_7319-1536x2048.jpg 1536w, https:\/\/chagossianvoices.org\/wp-content\/uploads\/2023\/12\/IMG_7319-scaled.jpg 1920w\" sizes=\"auto, (max-width: 768px) 100vw, 768px\" \/><\/figure>\n\n\n<figure class=\"wp-block-image size-large\"><img loading=\"lazy\" decoding=\"async\" width=\"768\" height=\"1024\" data-id=\"1678\" src=\"https:\/\/chagossianvoices.org\/wp-content\/uploads\/2023\/12\/IMG_7332-768x1024.jpg\" alt=\"\" class=\"wp-image-1678\" srcset=\"https:\/\/chagossianvoices.org\/wp-content\/uploads\/2023\/12\/IMG_7332-768x1024.jpg 768w, https:\/\/chagossianvoices.org\/wp-content\/uploads\/2023\/12\/IMG_7332-225x300.jpg 225w, https:\/\/chagossianvoices.org\/wp-content\/uploads\/2023\/12\/IMG_7332-1152x1536.jpg 1152w, https:\/\/chagossianvoices.org\/wp-content\/uploads\/2023\/12\/IMG_7332-1536x2048.jpg 1536w, https:\/\/chagossianvoices.org\/wp-content\/uploads\/2023\/12\/IMG_7332-scaled.jpg 1920w\" sizes=\"auto, (max-width: 768px) 100vw, 768px\" \/><\/figure><\/figure>\n\n<p><a href=\"https:\/\/www.ohchr.org\/en\/hr-bodies\/upr\/mu-index\">Lekzamin Periodik Iniversel<\/a> (UPR) c\u00e9 enn procesis ki inplik enn lekzamin periodik sitiasyon drwa de lom dan lansanb sa 193 l\u00e9ta ki manb l&#8217;ONU la. Chagossian Voices finn kontriby\u00e9 dan Moris so Lekzamin Periodik Iniversel (UPR ) ek a la fin finn f\u00e8r enn prezantasyon dan pr\u00e9- sesyon Lekzamin Periodik Iniversel Moris dan l&#8217;ONU a Geneve en novam 2023. Sa procesis la li inportan pou sagosien non selma parski boukou sagosien viv dan Moris, m\u00e9 oussi parski Moris ena lanbisyon lor souver\u00e8nt\u00e9 bann zil la, ek sa pou ena linpak lor drwa imin sagosien atrav\u00e8r l\u00e9mond. Dom\u00e8nn prinsipal ki ti abord\u00e9 dan nou prezantasyon ti kouv\u00e8r:<\/p>\n\n<ul class=\"wp-block-list\">\n<li>Bann dezavantaz ekonomik, kiltirel, striktirel ek informel ki sagosien ek kreol morisyen finn viv dan Moris<\/li>\n\n\n\n<li>Drwa sagosien entan ki enn pep otoktonn<\/li>\n\n\n\n<li>Drwa lotoderterminasyon sagosien<\/li>\n\n\n\n<li>Lalwa dan Moris ki anpess libert\u00e9 ekspr\u00e9syon lor bann siz\u00e9 souver\u00e8nt\u00e9<\/li>\n\n\n\n<li>Lanpriz gouvernma Morisyen lor Chagossian Welfare Fund<\/li>\n\n\n\n<li>Tranparans ek kont randi dan bann plint ki finn m\u00e9t\u00e9 kont lapolis ek gouvernma<\/li>\n\n\n\n<li>Transparans, konsantma ek inplikasyon la kominot\u00e9 dan konstriksyon enn baz aery\u00e8nn lor zil Agalega<\/li>\n<\/ul>\n\n<p><a href=\"https:\/\/chagossianvoices.org\/wp-content\/uploads\/2023\/12\/Statement-to-UPR-draft-3.pdf\">Lir deklarasyon la ici<\/a><\/p>\n\n<p><a href=\"https:\/\/chagossianvoices.org\/wp-content\/uploads\/2023\/12\/Presession-summary-document.pdf\">Lir bann rekomandasyon ici<\/a><\/p>\n\n<p><a href=\"https:\/\/www.upr-info.org\/en\">Informasyon UPR<\/a><\/p>\n","protected":false},"excerpt":{"rendered":"<p>Lekzamin Periodik Iniversel (UPR) c\u00e9 enn procesis ki inplik enn lekzamin periodik sitiasyon drwa de lom dan lansanb sa 193 l\u00e9ta ki manb l&#8217;ONU la. Chagossian Voices finn kontriby\u00e9 dan Moris so Lekzamin Periodik Iniversel (UPR ) ek a la fin finn f\u00e8r enn prezantasyon dan pr\u00e9- sesyon Lekzamin Periodik Iniversel Moris dan l&#8217;ONU a&#8230; <a href=\"https:\/\/chagossianvoices.org\/cr\/1-kontribisyon-dan-lekzamin-periodik-iniversel-moris-upr-dan-lonu-nov-2023\/\" class=\"btn btn-primary\">Lire la swit<\/a><\/p>\n","protected":false},"author":5,"featured_media":0,"parent":0,"menu_order":0,"comment_status":"closed","ping_status":"closed","template":"","meta":{"_acf_changed":false,"_bbp_topic_count":0,"_bbp_reply_count":0,"_bbp_total_topic_count":0,"_bbp_total_reply_count":0,"_bbp_voice_count":0,"_bbp_anonymous_reply_count":0,"_bbp_topic_count_hidden":0,"_bbp_reply_count_hidden":0,"_bbp_forum_subforum_count":0,"footnotes":""},"class_list":["post-2053","page","type-page","status-publish","hentry"],"acf":[],"yoast_head":"<!-- This site is optimized with the Yoast SEO plugin v27.6 - https:\/\/yoast.com\/product\/yoast-seo-wordpress\/ -->\n<title>1. Kontribisyon dan Lekzamin Periodik Iniversel Moris (UPR) dan l&#039;ONU: Nov 2023 - Chagossian Voices<\/title>\n<meta name=\"robots\" content=\"index, follow, max-snippet:-1, max-image-preview:large, max-video-preview:-1\" \/>\n<link rel=\"canonical\" href=\"https:\/\/chagossianvoices.org\/cr\/1-kontribisyon-dan-lekzamin-periodik-iniversel-moris-upr-dan-lonu-nov-2023\/\" \/>\n<meta property=\"og:locale\" content=\"en_US\" \/>\n<meta property=\"og:type\" content=\"article\" \/>\n<meta property=\"og:title\" content=\"1. Kontribisyon dan Lekzamin Periodik Iniversel Moris (UPR) dan l&#039;ONU: Nov 2023 - Chagossian Voices\" \/>\n<meta property=\"og:description\" content=\"Lekzamin Periodik Iniversel (UPR) c\u00e9 enn procesis ki inplik enn lekzamin periodik sitiasyon drwa de lom dan lansanb sa 193 l\u00e9ta ki manb l&#8217;ONU la. Chagossian Voices finn kontriby\u00e9 dan Moris so Lekzamin Periodik Iniversel (UPR ) ek a la fin finn f\u00e8r enn prezantasyon dan pr\u00e9- sesyon Lekzamin Periodik Iniversel Moris dan l&#8217;ONU a... Lire la swit\" \/>\n<meta property=\"og:url\" content=\"https:\/\/chagossianvoices.org\/cr\/1-kontribisyon-dan-lekzamin-periodik-iniversel-moris-upr-dan-lonu-nov-2023\/\" \/>\n<meta property=\"og:site_name\" content=\"Chagossian Voices\" \/>\n<meta property=\"article:modified_time\" content=\"2024-02-27T01:33:53+00:00\" \/>\n<meta property=\"og:image\" content=\"https:\/\/chagossianvoices.org\/wp-content\/uploads\/2023\/12\/IMG_7319-768x1024.jpg\" \/>\n<meta name=\"twitter:card\" content=\"summary_large_image\" \/>\n<meta name=\"twitter:label1\" content=\"Est. reading time\" \/>\n\t<meta name=\"twitter:data1\" content=\"1 minute\" \/>\n<script type=\"application\/ld+json\" class=\"yoast-schema-graph\">{\"@context\":\"https:\\\/\\\/schema.org\",\"@graph\":[{\"@type\":\"WebPage\",\"@id\":\"https:\\\/\\\/chagossianvoices.org\\\/cr\\\/1-kontribisyon-dan-lekzamin-periodik-iniversel-moris-upr-dan-lonu-nov-2023\\\/\",\"url\":\"https:\\\/\\\/chagossianvoices.org\\\/cr\\\/1-kontribisyon-dan-lekzamin-periodik-iniversel-moris-upr-dan-lonu-nov-2023\\\/\",\"name\":\"1. Kontribisyon dan Lekzamin Periodik Iniversel Moris (UPR) dan l'ONU: Nov 2023 - Chagossian Voices\",\"isPartOf\":{\"@id\":\"https:\\\/\\\/chagossianvoices.org\\\/#website\"},\"primaryImageOfPage\":{\"@id\":\"https:\\\/\\\/chagossianvoices.org\\\/cr\\\/1-kontribisyon-dan-lekzamin-periodik-iniversel-moris-upr-dan-lonu-nov-2023\\\/#primaryimage\"},\"image\":{\"@id\":\"https:\\\/\\\/chagossianvoices.org\\\/cr\\\/1-kontribisyon-dan-lekzamin-periodik-iniversel-moris-upr-dan-lonu-nov-2023\\\/#primaryimage\"},\"thumbnailUrl\":\"https:\\\/\\\/chagossianvoices.org\\\/wp-content\\\/uploads\\\/2023\\\/12\\\/IMG_7319-768x1024.jpg\",\"datePublished\":\"2023-12-09T14:50:19+00:00\",\"dateModified\":\"2024-02-27T01:33:53+00:00\",\"breadcrumb\":{\"@id\":\"https:\\\/\\\/chagossianvoices.org\\\/cr\\\/1-kontribisyon-dan-lekzamin-periodik-iniversel-moris-upr-dan-lonu-nov-2023\\\/#breadcrumb\"},\"inLanguage\":\"kr\",\"potentialAction\":[{\"@type\":\"ReadAction\",\"target\":[\"https:\\\/\\\/chagossianvoices.org\\\/cr\\\/1-kontribisyon-dan-lekzamin-periodik-iniversel-moris-upr-dan-lonu-nov-2023\\\/\"]}]},{\"@type\":\"ImageObject\",\"inLanguage\":\"kr\",\"@id\":\"https:\\\/\\\/chagossianvoices.org\\\/cr\\\/1-kontribisyon-dan-lekzamin-periodik-iniversel-moris-upr-dan-lonu-nov-2023\\\/#primaryimage\",\"url\":\"https:\\\/\\\/chagossianvoices.org\\\/wp-content\\\/uploads\\\/2023\\\/12\\\/IMG_7319-768x1024.jpg\",\"contentUrl\":\"https:\\\/\\\/chagossianvoices.org\\\/wp-content\\\/uploads\\\/2023\\\/12\\\/IMG_7319-768x1024.jpg\"},{\"@type\":\"BreadcrumbList\",\"@id\":\"https:\\\/\\\/chagossianvoices.org\\\/cr\\\/1-kontribisyon-dan-lekzamin-periodik-iniversel-moris-upr-dan-lonu-nov-2023\\\/#breadcrumb\",\"itemListElement\":[{\"@type\":\"ListItem\",\"position\":1,\"name\":\"Home\",\"item\":\"https:\\\/\\\/chagossianvoices.org\\\/cr\\\/\"},{\"@type\":\"ListItem\",\"position\":2,\"name\":\"1. Kontribisyon dan Lekzamin Periodik Iniversel Moris (UPR) dan l&#8217;ONU: Nov 2023\"}]},{\"@type\":\"WebSite\",\"@id\":\"https:\\\/\\\/chagossianvoices.org\\\/#website\",\"url\":\"https:\\\/\\\/chagossianvoices.org\\\/\",\"name\":\"Chagossian Voices\",\"description\":\"Just another WordPress site\",\"publisher\":{\"@id\":\"https:\\\/\\\/chagossianvoices.org\\\/#organization\"},\"potentialAction\":[{\"@type\":\"SearchAction\",\"target\":{\"@type\":\"EntryPoint\",\"urlTemplate\":\"https:\\\/\\\/chagossianvoices.org\\\/?s={search_term_string}\"},\"query-input\":{\"@type\":\"PropertyValueSpecification\",\"valueRequired\":true,\"valueName\":\"search_term_string\"}}],\"inLanguage\":\"kr\"},{\"@type\":\"Organization\",\"@id\":\"https:\\\/\\\/chagossianvoices.org\\\/#organization\",\"name\":\"Chagossian Voices\",\"url\":\"https:\\\/\\\/chagossianvoices.org\\\/\",\"logo\":{\"@type\":\"ImageObject\",\"inLanguage\":\"kr\",\"@id\":\"https:\\\/\\\/chagossianvoices.org\\\/#\\\/schema\\\/logo\\\/image\\\/\",\"url\":\"https:\\\/\\\/chagossianvoices.org\\\/wp-content\\\/uploads\\\/2021\\\/12\\\/ChagossianVoices-Logo@2x1.png\",\"contentUrl\":\"https:\\\/\\\/chagossianvoices.org\\\/wp-content\\\/uploads\\\/2021\\\/12\\\/ChagossianVoices-Logo@2x1.png\",\"width\":560,\"height\":160,\"caption\":\"Chagossian Voices\"},\"image\":{\"@id\":\"https:\\\/\\\/chagossianvoices.org\\\/#\\\/schema\\\/logo\\\/image\\\/\"}}]}<\/script>\n<!-- \/ Yoast SEO plugin. -->","yoast_head_json":{"title":"1. Kontribisyon dan Lekzamin Periodik Iniversel Moris (UPR) dan l'ONU: Nov 2023 - Chagossian Voices","robots":{"index":"index","follow":"follow","max-snippet":"max-snippet:-1","max-image-preview":"max-image-preview:large","max-video-preview":"max-video-preview:-1"},"canonical":"https:\/\/chagossianvoices.org\/cr\/1-kontribisyon-dan-lekzamin-periodik-iniversel-moris-upr-dan-lonu-nov-2023\/","og_locale":"en_US","og_type":"article","og_title":"1. Kontribisyon dan Lekzamin Periodik Iniversel Moris (UPR) dan l'ONU: Nov 2023 - Chagossian Voices","og_description":"Lekzamin Periodik Iniversel (UPR) c\u00e9 enn procesis ki inplik enn lekzamin periodik sitiasyon drwa de lom dan lansanb sa 193 l\u00e9ta ki manb l&#8217;ONU la. Chagossian Voices finn kontriby\u00e9 dan Moris so Lekzamin Periodik Iniversel (UPR ) ek a la fin finn f\u00e8r enn prezantasyon dan pr\u00e9- sesyon Lekzamin Periodik Iniversel Moris dan l&#8217;ONU a... Lire la swit","og_url":"https:\/\/chagossianvoices.org\/cr\/1-kontribisyon-dan-lekzamin-periodik-iniversel-moris-upr-dan-lonu-nov-2023\/","og_site_name":"Chagossian Voices","article_modified_time":"2024-02-27T01:33:53+00:00","og_image":[{"url":"https:\/\/chagossianvoices.org\/wp-content\/uploads\/2023\/12\/IMG_7319-768x1024.jpg","type":"","width":"","height":""}],"twitter_card":"summary_large_image","twitter_misc":{"Est. reading time":"1 minute"},"schema":{"@context":"https:\/\/schema.org","@graph":[{"@type":"WebPage","@id":"https:\/\/chagossianvoices.org\/cr\/1-kontribisyon-dan-lekzamin-periodik-iniversel-moris-upr-dan-lonu-nov-2023\/","url":"https:\/\/chagossianvoices.org\/cr\/1-kontribisyon-dan-lekzamin-periodik-iniversel-moris-upr-dan-lonu-nov-2023\/","name":"1. Kontribisyon dan Lekzamin Periodik Iniversel Moris (UPR) dan l'ONU: Nov 2023 - Chagossian Voices","isPartOf":{"@id":"https:\/\/chagossianvoices.org\/#website"},"primaryImageOfPage":{"@id":"https:\/\/chagossianvoices.org\/cr\/1-kontribisyon-dan-lekzamin-periodik-iniversel-moris-upr-dan-lonu-nov-2023\/#primaryimage"},"image":{"@id":"https:\/\/chagossianvoices.org\/cr\/1-kontribisyon-dan-lekzamin-periodik-iniversel-moris-upr-dan-lonu-nov-2023\/#primaryimage"},"thumbnailUrl":"https:\/\/chagossianvoices.org\/wp-content\/uploads\/2023\/12\/IMG_7319-768x1024.jpg","datePublished":"2023-12-09T14:50:19+00:00","dateModified":"2024-02-27T01:33:53+00:00","breadcrumb":{"@id":"https:\/\/chagossianvoices.org\/cr\/1-kontribisyon-dan-lekzamin-periodik-iniversel-moris-upr-dan-lonu-nov-2023\/#breadcrumb"},"inLanguage":"kr","potentialAction":[{"@type":"ReadAction","target":["https:\/\/chagossianvoices.org\/cr\/1-kontribisyon-dan-lekzamin-periodik-iniversel-moris-upr-dan-lonu-nov-2023\/"]}]},{"@type":"ImageObject","inLanguage":"kr","@id":"https:\/\/chagossianvoices.org\/cr\/1-kontribisyon-dan-lekzamin-periodik-iniversel-moris-upr-dan-lonu-nov-2023\/#primaryimage","url":"https:\/\/chagossianvoices.org\/wp-content\/uploads\/2023\/12\/IMG_7319-768x1024.jpg","contentUrl":"https:\/\/chagossianvoices.org\/wp-content\/uploads\/2023\/12\/IMG_7319-768x1024.jpg"},{"@type":"BreadcrumbList","@id":"https:\/\/chagossianvoices.org\/cr\/1-kontribisyon-dan-lekzamin-periodik-iniversel-moris-upr-dan-lonu-nov-2023\/#breadcrumb","itemListElement":[{"@type":"ListItem","position":1,"name":"Home","item":"https:\/\/chagossianvoices.org\/cr\/"},{"@type":"ListItem","position":2,"name":"1. Kontribisyon dan Lekzamin Periodik Iniversel Moris (UPR) dan l&#8217;ONU: Nov 2023"}]},{"@type":"WebSite","@id":"https:\/\/chagossianvoices.org\/#website","url":"https:\/\/chagossianvoices.org\/","name":"Chagossian Voices","description":"Just another WordPress site","publisher":{"@id":"https:\/\/chagossianvoices.org\/#organization"},"potentialAction":[{"@type":"SearchAction","target":{"@type":"EntryPoint","urlTemplate":"https:\/\/chagossianvoices.org\/?s={search_term_string}"},"query-input":{"@type":"PropertyValueSpecification","valueRequired":true,"valueName":"search_term_string"}}],"inLanguage":"kr"},{"@type":"Organization","@id":"https:\/\/chagossianvoices.org\/#organization","name":"Chagossian Voices","url":"https:\/\/chagossianvoices.org\/","logo":{"@type":"ImageObject","inLanguage":"kr","@id":"https:\/\/chagossianvoices.org\/#\/schema\/logo\/image\/","url":"https:\/\/chagossianvoices.org\/wp-content\/uploads\/2021\/12\/ChagossianVoices-Logo@2x1.png","contentUrl":"https:\/\/chagossianvoices.org\/wp-content\/uploads\/2021\/12\/ChagossianVoices-Logo@2x1.png","width":560,"height":160,"caption":"Chagossian Voices"},"image":{"@id":"https:\/\/chagossianvoices.org\/#\/schema\/logo\/image\/"}}]}},"_links":{"self":[{"href":"https:\/\/chagossianvoices.org\/cr\/wp-json\/wp\/v2\/pages\/2053","targetHints":{"allow":["GET"]}}],"collection":[{"href":"https:\/\/chagossianvoices.org\/cr\/wp-json\/wp\/v2\/pages"}],"about":[{"href":"https:\/\/chagossianvoices.org\/cr\/wp-json\/wp\/v2\/types\/page"}],"author":[{"embeddable":true,"href":"https:\/\/chagossianvoices.org\/cr\/wp-json\/wp\/v2\/users\/5"}],"replies":[{"embeddable":true,"href":"https:\/\/chagossianvoices.org\/cr\/wp-json\/wp\/v2\/comments?post=2053"}],"version-history":[{"count":1,"href":"https:\/\/chagossianvoices.org\/cr\/wp-json\/wp\/v2\/pages\/2053\/revisions"}],"predecessor-version":[{"id":2054,"href":"https:\/\/chagossianvoices.org\/cr\/wp-json\/wp\/v2\/pages\/2053\/revisions\/2054"}],"wp:attachment":[{"href":"https:\/\/chagossianvoices.org\/cr\/wp-json\/wp\/v2\/media?parent=2053"}],"curies":[{"name":"wp","href":"https:\/\/api.w.org\/{rel}","templated":true}]}}