{"id":2011,"date":"2023-12-09T15:10:27","date_gmt":"2023-12-09T15:10:27","guid":{"rendered":"https:\/\/chagossianvoices.org\/revandikasyon\/"},"modified":"2024-03-18T19:33:41","modified_gmt":"2024-03-18T19:33:41","slug":"revandikasyon","status":"publish","type":"page","link":"https:\/\/chagossianvoices.org\/cr\/revandikasyon\/","title":{"rendered":"R\u00e9vandikasyon"},"content":{"rendered":"\n<figure class=\"wp-block-image size-full\"><img loading=\"lazy\" decoding=\"async\" width=\"414\" height=\"310\" src=\"https:\/\/chagossianvoices.org\/wp-content\/uploads\/2024\/02\/IMG_7024.png\" alt=\"\" class=\"wp-image-2018\" srcset=\"https:\/\/chagossianvoices.org\/wp-content\/uploads\/2024\/02\/IMG_7024.png 414w, https:\/\/chagossianvoices.org\/wp-content\/uploads\/2024\/02\/IMG_7024-300x225.png 300w\" sizes=\"auto, (max-width: 414px) 100vw, 414px\" \/><\/figure>\n<h2 class=\"wp-block-heading\">R\u00e9vandikasyon<\/h2>\n\n<p>Revandik\u00e9 pou kominot\u00e9 sagosian li lek\u00e8r nou lorganizasyon. Chagossian Voices koz direk avek bann dimounn ki \u00e9na pouvwar ek linflyans neses\u00e8r pou amelior lavi bann sagosien ek ki kapav ed nou gagn lazistis pou la kominot\u00e9 sagosien. Chagossian Voices finn travay dan enn mani\u00e8r konstriktiv avek bann dimounn swivan depi 2020 atrav\u00e8r bann im\u00e8y ek bann let, bann renyon en personn ek virtyel ek finn fourni bann dokima, bann resers avek l\u00e9tid de bann ka<\/p>\n\n<ul class=\"wp-block-list\">\n<li><strong>Ladministrasyon lokal<\/strong>, en partikily\u00e9 Crawley Borough Council, West Sussex County Council ek lotorit\u00e9 lokal dan Manchester<\/li>\n\n\n\n<li><strong>Departma Gouvernma Britanik<\/strong>: Biro Zaf\u00e8r Etranz\u00e8r, Commonwealth ek Developma (FCDO) ek ladministrasyon Teritwar Britanik l&#8217;Ocean Indien (BIOT), Minist\u00e8r Linteri\u00e8r ek Biro Passpor (HMPO)<\/li>\n<\/ul>\n\n<p><em>Chagossian Voices finn tenir plis ki 20 renyon avek bann reprezantan FCDO ek BIOT, ek konstaman en kominikasyon avek bann departma gouvernma<\/em><em>CV finn oussi pl\u00e9d\u00e9 lor nom bann individi ek bann group pou garantir enn tretma ekitab ek rapid pou bann sagosien.<\/em><\/p>\n\n<ul class=\"wp-block-list\">\n<li><strong>Bann manb parlema ek bann nob<\/strong>dan parlema Britanik ek bann reprezantan de bann parti politik ek bann <strong>Minis Gouvernma<\/strong><\/li>\n<\/ul>\n\n<figure class=\"wp-block-gallery has-nested-images columns-default is-cropped wp-block-gallery-1 is-layout-flex wp-block-gallery-is-layout-flex\">\n<figure class=\"wp-block-image size-large\"><img loading=\"lazy\" decoding=\"async\" width=\"414\" height=\"310\" data-id=\"2015\" src=\"https:\/\/chagossianvoices.org\/wp-content\/uploads\/2024\/02\/IMG_7022.png\" alt=\"\" class=\"wp-image-2015\" srcset=\"https:\/\/chagossianvoices.org\/wp-content\/uploads\/2024\/02\/IMG_7022.png 414w, https:\/\/chagossianvoices.org\/wp-content\/uploads\/2024\/02\/IMG_7022-300x225.png 300w\" sizes=\"auto, (max-width: 414px) 100vw, 414px\" \/><\/figure><\/figure>\n\n<p><em>CV finn travay en etrwat kolaborasyon avek bann d\u00e9pit\u00e9 ek bann nob pou obtenir lazistis pou bann Sagosien par bann renyon ki finn organiz\u00e9 konstaman ek bann korespondans fr\u00e9kan: notaman d\u00e9pit\u00e9 Henry Smith, d\u00e9pit\u00e9 Mike Kane ek la Baronn Lister<\/em> <em>ek Group Parlmant\u00e8r Multiparti Sagos (APPG)<\/em><\/p>\n\n<ul class=\"wp-block-list\">\n<li><strong>Nasyon Ini<\/strong>dan New York ek Geneve<\/li>\n<\/ul>\n\n<p><em>Chagossian Voices finn pass 12 zour f\u00e8r bann deklarasyon piblik dan bann konferans lor drwa otoktonn ek lor lekzamin drwa de lom dan Nasyon Ini dan New York ek Geneve en 2023<\/em><\/p>\n\n<ul class=\"wp-block-list\">\n<li><strong>Lapress ek media<\/strong>(get lyen anba)<\/li>\n<\/ul>\n\n<h2 class=\"wp-block-heading\">Lir plis lor nou bann travay pl\u00e9dwari lor bann lyen anba<\/h2>\n\n<ul class=\"wp-block-list\">\n<li><a href=\"https:\/\/bills.parliament.uk\/publications\/43047\/documents\/781\">Nou bann dokima informasyon lor sitway\u00e8nt\u00e9<\/a> destin\u00e9 pou parlma Britanik, bann minis gouvernma ek bann fonktion\u00e8r<\/li>\n\n\n\n<li><a href=\"https:\/\/chagossianvoices.org\/wp-content\/uploads\/2023\/12\/01letter-to-government-11_11_22.pdf\">Nou deklarasyon a<\/a> Gouvernma Britanik lor negosiasyon souver\u00e8nt\u00e9 (Nov 2022) ek <a href=\"https:\/\/chagossianvoices.org\/wp-content\/uploads\/2023\/12\/02FCDO-Departmental-Response-to-CV-letter-11th-nov_TO2022_29442.pdf\">reponss gouvernma<\/a><\/li>\n\n\n\n<li><a href=\"https:\/\/chagossianvoices.org\/wp-content\/uploads\/2023\/12\/03Chagos-Statement-March-2023.pdf\">Nou deklarasyon en komin<\/a>adr\u00e9ss\u00e9 a gouvernma Britanik lor bann ev\u00e8nma langazma asosy\u00e9 avek negosiasyon lor souver\u00e8nt\u00e9 (mars 2023) ek <a href=\"https:\/\/chagossianvoices.org\/wp-content\/uploads\/2023\/12\/04GoldsmithreplytoMarch-statement2023.pdf\">reponss Gouvernma<\/a><\/li>\n\n\n\n<li>Nou 12 deklarasyon dan Nasyon Ini dan<a href=\"https:\/\/chagossianvoices.org\/united-nations-permanent-forum-on-indigenous-issues-unpfii-twenty-second-session-17-28-april-2023-at-the-united-nations-headquarters-new-york\/\">New York (UNPFII)<\/a> ek <a href=\"https:\/\/chagossianvoices.org\/united-nations-16th-session-of-the-expert-mechanism-on-indigenous-rights-emrip-at-the-un-in-geneva-17-21st-july-2023\/\">Geneve (EMRIP)<\/a><\/li>\n\n\n\n<li><a href=\"https:\/\/chagossianvoices.org\/wp-content\/uploads\/2023\/12\/Statement-to-UPR-draft-3.pdf\">Nou deklarasyon <\/a>dan Pre-session Lekzamin Periodik Iniversel Moris (l&#8217;ONU Geneve Nov 2023)<\/li>\n\n\n\n<li><a href=\"https:\/\/chagossianvoices.org\/wp-content\/uploads\/2023\/12\/07Jan-2023-Briefing-on-Chagossian-Self-determination.pdf\">Nou topo lor lotodeterminasyon bann sagosien<\/a> destin\u00e9 a bann parlmant\u00e8r, minis ek fonksyon\u00e8r Britanik (zanvi\u00e9 2023)<\/li>\n\n\n\n<li>Nou<a href=\"https:\/\/chagos-trust.org\/news\/cct-partner-with-chagossian-voices-to-launch-community-website\">partenaria avek Chagos Conservation Trust<\/a><\/li>\n\n\n\n<li><a href=\"https:\/\/chagossianvoices.org\/in-the-press\/\">Lapress ek media<\/a><\/li>\n<\/ul>\n\n<figure class=\"wp-block-gallery has-nested-images columns-default is-cropped wp-block-gallery-2 is-layout-flex wp-block-gallery-is-layout-flex\"><\/figure>","protected":false},"excerpt":{"rendered":"<p>R\u00e9vandikasyon Revandik\u00e9 pou kominot\u00e9 sagosian li lek\u00e8r nou lorganizasyon. Chagossian Voices koz direk avek bann dimounn ki \u00e9na pouvwar ek linflyans neses\u00e8r pou amelior lavi bann sagosien ek ki kapav ed nou gagn lazistis pou la kominot\u00e9 sagosien. Chagossian Voices finn travay dan enn mani\u00e8r konstriktiv avek bann dimounn swivan depi 2020 atrav\u00e8r bann im\u00e8y&#8230; <a href=\"https:\/\/chagossianvoices.org\/cr\/revandikasyon\/\" class=\"btn btn-primary\">Lire la swit<\/a><\/p>\n","protected":false},"author":5,"featured_media":0,"parent":0,"menu_order":0,"comment_status":"closed","ping_status":"closed","template":"","meta":{"_acf_changed":false,"_bbp_topic_count":0,"_bbp_reply_count":0,"_bbp_total_topic_count":0,"_bbp_total_reply_count":0,"_bbp_voice_count":0,"_bbp_anonymous_reply_count":0,"_bbp_topic_count_hidden":0,"_bbp_reply_count_hidden":0,"_bbp_forum_subforum_count":0,"footnotes":""},"class_list":["post-2011","page","type-page","status-publish","hentry"],"acf":[],"yoast_head":"<!-- This site is optimized with the Yoast SEO plugin v27.6 - https:\/\/yoast.com\/product\/yoast-seo-wordpress\/ -->\n<title>R\u00e9vandikasyon - Chagossian Voices<\/title>\n<meta name=\"robots\" content=\"index, follow, max-snippet:-1, max-image-preview:large, max-video-preview:-1\" \/>\n<link rel=\"canonical\" href=\"https:\/\/chagossianvoices.org\/cr\/revandikasyon\/\" \/>\n<meta property=\"og:locale\" content=\"en_US\" \/>\n<meta property=\"og:type\" content=\"article\" \/>\n<meta property=\"og:title\" content=\"R\u00e9vandikasyon - Chagossian Voices\" \/>\n<meta property=\"og:description\" content=\"R\u00e9vandikasyon Revandik\u00e9 pou kominot\u00e9 sagosian li lek\u00e8r nou lorganizasyon. Chagossian Voices koz direk avek bann dimounn ki \u00e9na pouvwar ek linflyans neses\u00e8r pou amelior lavi bann sagosien ek ki kapav ed nou gagn lazistis pou la kominot\u00e9 sagosien. Chagossian Voices finn travay dan enn mani\u00e8r konstriktiv avek bann dimounn swivan depi 2020 atrav\u00e8r bann im\u00e8y... Lire la swit\" \/>\n<meta property=\"og:url\" content=\"https:\/\/chagossianvoices.org\/cr\/revandikasyon\/\" \/>\n<meta property=\"og:site_name\" content=\"Chagossian Voices\" \/>\n<meta property=\"article:modified_time\" content=\"2024-03-18T19:33:41+00:00\" \/>\n<meta property=\"og:image\" content=\"https:\/\/chagossianvoices.org\/wp-content\/uploads\/2024\/02\/IMG_7024.png\" \/>\n<meta name=\"twitter:card\" content=\"summary_large_image\" \/>\n<meta name=\"twitter:label1\" content=\"Est. reading time\" \/>\n\t<meta name=\"twitter:data1\" content=\"2 minutes\" \/>\n<script type=\"application\/ld+json\" class=\"yoast-schema-graph\">{\"@context\":\"https:\\\/\\\/schema.org\",\"@graph\":[{\"@type\":\"WebPage\",\"@id\":\"https:\\\/\\\/chagossianvoices.org\\\/cr\\\/revandikasyon\\\/\",\"url\":\"https:\\\/\\\/chagossianvoices.org\\\/cr\\\/revandikasyon\\\/\",\"name\":\"R\u00e9vandikasyon - Chagossian Voices\",\"isPartOf\":{\"@id\":\"https:\\\/\\\/chagossianvoices.org\\\/#website\"},\"primaryImageOfPage\":{\"@id\":\"https:\\\/\\\/chagossianvoices.org\\\/cr\\\/revandikasyon\\\/#primaryimage\"},\"image\":{\"@id\":\"https:\\\/\\\/chagossianvoices.org\\\/cr\\\/revandikasyon\\\/#primaryimage\"},\"thumbnailUrl\":\"https:\\\/\\\/chagossianvoices.org\\\/wp-content\\\/uploads\\\/2024\\\/02\\\/IMG_7024.png\",\"datePublished\":\"2023-12-09T15:10:27+00:00\",\"dateModified\":\"2024-03-18T19:33:41+00:00\",\"breadcrumb\":{\"@id\":\"https:\\\/\\\/chagossianvoices.org\\\/cr\\\/revandikasyon\\\/#breadcrumb\"},\"inLanguage\":\"kr\",\"potentialAction\":[{\"@type\":\"ReadAction\",\"target\":[\"https:\\\/\\\/chagossianvoices.org\\\/cr\\\/revandikasyon\\\/\"]}]},{\"@type\":\"ImageObject\",\"inLanguage\":\"kr\",\"@id\":\"https:\\\/\\\/chagossianvoices.org\\\/cr\\\/revandikasyon\\\/#primaryimage\",\"url\":\"https:\\\/\\\/chagossianvoices.org\\\/wp-content\\\/uploads\\\/2024\\\/02\\\/IMG_7024.png\",\"contentUrl\":\"https:\\\/\\\/chagossianvoices.org\\\/wp-content\\\/uploads\\\/2024\\\/02\\\/IMG_7024.png\"},{\"@type\":\"BreadcrumbList\",\"@id\":\"https:\\\/\\\/chagossianvoices.org\\\/cr\\\/revandikasyon\\\/#breadcrumb\",\"itemListElement\":[{\"@type\":\"ListItem\",\"position\":1,\"name\":\"Home\",\"item\":\"https:\\\/\\\/chagossianvoices.org\\\/cr\\\/\"},{\"@type\":\"ListItem\",\"position\":2,\"name\":\"R\u00e9vandikasyon\"}]},{\"@type\":\"WebSite\",\"@id\":\"https:\\\/\\\/chagossianvoices.org\\\/#website\",\"url\":\"https:\\\/\\\/chagossianvoices.org\\\/\",\"name\":\"Chagossian Voices\",\"description\":\"Just another WordPress site\",\"publisher\":{\"@id\":\"https:\\\/\\\/chagossianvoices.org\\\/#organization\"},\"potentialAction\":[{\"@type\":\"SearchAction\",\"target\":{\"@type\":\"EntryPoint\",\"urlTemplate\":\"https:\\\/\\\/chagossianvoices.org\\\/?s={search_term_string}\"},\"query-input\":{\"@type\":\"PropertyValueSpecification\",\"valueRequired\":true,\"valueName\":\"search_term_string\"}}],\"inLanguage\":\"kr\"},{\"@type\":\"Organization\",\"@id\":\"https:\\\/\\\/chagossianvoices.org\\\/#organization\",\"name\":\"Chagossian Voices\",\"url\":\"https:\\\/\\\/chagossianvoices.org\\\/\",\"logo\":{\"@type\":\"ImageObject\",\"inLanguage\":\"kr\",\"@id\":\"https:\\\/\\\/chagossianvoices.org\\\/#\\\/schema\\\/logo\\\/image\\\/\",\"url\":\"https:\\\/\\\/chagossianvoices.org\\\/wp-content\\\/uploads\\\/2021\\\/12\\\/ChagossianVoices-Logo@2x1.png\",\"contentUrl\":\"https:\\\/\\\/chagossianvoices.org\\\/wp-content\\\/uploads\\\/2021\\\/12\\\/ChagossianVoices-Logo@2x1.png\",\"width\":560,\"height\":160,\"caption\":\"Chagossian Voices\"},\"image\":{\"@id\":\"https:\\\/\\\/chagossianvoices.org\\\/#\\\/schema\\\/logo\\\/image\\\/\"}}]}<\/script>\n<!-- \/ Yoast SEO plugin. -->","yoast_head_json":{"title":"R\u00e9vandikasyon - Chagossian Voices","robots":{"index":"index","follow":"follow","max-snippet":"max-snippet:-1","max-image-preview":"max-image-preview:large","max-video-preview":"max-video-preview:-1"},"canonical":"https:\/\/chagossianvoices.org\/cr\/revandikasyon\/","og_locale":"en_US","og_type":"article","og_title":"R\u00e9vandikasyon - Chagossian Voices","og_description":"R\u00e9vandikasyon Revandik\u00e9 pou kominot\u00e9 sagosian li lek\u00e8r nou lorganizasyon. Chagossian Voices koz direk avek bann dimounn ki \u00e9na pouvwar ek linflyans neses\u00e8r pou amelior lavi bann sagosien ek ki kapav ed nou gagn lazistis pou la kominot\u00e9 sagosien. Chagossian Voices finn travay dan enn mani\u00e8r konstriktiv avek bann dimounn swivan depi 2020 atrav\u00e8r bann im\u00e8y... Lire la swit","og_url":"https:\/\/chagossianvoices.org\/cr\/revandikasyon\/","og_site_name":"Chagossian Voices","article_modified_time":"2024-03-18T19:33:41+00:00","og_image":[{"url":"https:\/\/chagossianvoices.org\/wp-content\/uploads\/2024\/02\/IMG_7024.png","type":"","width":"","height":""}],"twitter_card":"summary_large_image","twitter_misc":{"Est. reading time":"2 minutes"},"schema":{"@context":"https:\/\/schema.org","@graph":[{"@type":"WebPage","@id":"https:\/\/chagossianvoices.org\/cr\/revandikasyon\/","url":"https:\/\/chagossianvoices.org\/cr\/revandikasyon\/","name":"R\u00e9vandikasyon - Chagossian Voices","isPartOf":{"@id":"https:\/\/chagossianvoices.org\/#website"},"primaryImageOfPage":{"@id":"https:\/\/chagossianvoices.org\/cr\/revandikasyon\/#primaryimage"},"image":{"@id":"https:\/\/chagossianvoices.org\/cr\/revandikasyon\/#primaryimage"},"thumbnailUrl":"https:\/\/chagossianvoices.org\/wp-content\/uploads\/2024\/02\/IMG_7024.png","datePublished":"2023-12-09T15:10:27+00:00","dateModified":"2024-03-18T19:33:41+00:00","breadcrumb":{"@id":"https:\/\/chagossianvoices.org\/cr\/revandikasyon\/#breadcrumb"},"inLanguage":"kr","potentialAction":[{"@type":"ReadAction","target":["https:\/\/chagossianvoices.org\/cr\/revandikasyon\/"]}]},{"@type":"ImageObject","inLanguage":"kr","@id":"https:\/\/chagossianvoices.org\/cr\/revandikasyon\/#primaryimage","url":"https:\/\/chagossianvoices.org\/wp-content\/uploads\/2024\/02\/IMG_7024.png","contentUrl":"https:\/\/chagossianvoices.org\/wp-content\/uploads\/2024\/02\/IMG_7024.png"},{"@type":"BreadcrumbList","@id":"https:\/\/chagossianvoices.org\/cr\/revandikasyon\/#breadcrumb","itemListElement":[{"@type":"ListItem","position":1,"name":"Home","item":"https:\/\/chagossianvoices.org\/cr\/"},{"@type":"ListItem","position":2,"name":"R\u00e9vandikasyon"}]},{"@type":"WebSite","@id":"https:\/\/chagossianvoices.org\/#website","url":"https:\/\/chagossianvoices.org\/","name":"Chagossian Voices","description":"Just another WordPress site","publisher":{"@id":"https:\/\/chagossianvoices.org\/#organization"},"potentialAction":[{"@type":"SearchAction","target":{"@type":"EntryPoint","urlTemplate":"https:\/\/chagossianvoices.org\/?s={search_term_string}"},"query-input":{"@type":"PropertyValueSpecification","valueRequired":true,"valueName":"search_term_string"}}],"inLanguage":"kr"},{"@type":"Organization","@id":"https:\/\/chagossianvoices.org\/#organization","name":"Chagossian Voices","url":"https:\/\/chagossianvoices.org\/","logo":{"@type":"ImageObject","inLanguage":"kr","@id":"https:\/\/chagossianvoices.org\/#\/schema\/logo\/image\/","url":"https:\/\/chagossianvoices.org\/wp-content\/uploads\/2021\/12\/ChagossianVoices-Logo@2x1.png","contentUrl":"https:\/\/chagossianvoices.org\/wp-content\/uploads\/2021\/12\/ChagossianVoices-Logo@2x1.png","width":560,"height":160,"caption":"Chagossian Voices"},"image":{"@id":"https:\/\/chagossianvoices.org\/#\/schema\/logo\/image\/"}}]}},"_links":{"self":[{"href":"https:\/\/chagossianvoices.org\/cr\/wp-json\/wp\/v2\/pages\/2011","targetHints":{"allow":["GET"]}}],"collection":[{"href":"https:\/\/chagossianvoices.org\/cr\/wp-json\/wp\/v2\/pages"}],"about":[{"href":"https:\/\/chagossianvoices.org\/cr\/wp-json\/wp\/v2\/types\/page"}],"author":[{"embeddable":true,"href":"https:\/\/chagossianvoices.org\/cr\/wp-json\/wp\/v2\/users\/5"}],"replies":[{"embeddable":true,"href":"https:\/\/chagossianvoices.org\/cr\/wp-json\/wp\/v2\/comments?post=2011"}],"version-history":[{"count":6,"href":"https:\/\/chagossianvoices.org\/cr\/wp-json\/wp\/v2\/pages\/2011\/revisions"}],"predecessor-version":[{"id":2154,"href":"https:\/\/chagossianvoices.org\/cr\/wp-json\/wp\/v2\/pages\/2011\/revisions\/2154"}],"wp:attachment":[{"href":"https:\/\/chagossianvoices.org\/cr\/wp-json\/wp\/v2\/media?parent=2011"}],"curies":[{"name":"wp","href":"https:\/\/api.w.org\/{rel}","templated":true}]}}