{"id":1247,"date":"2022-12-02T15:07:15","date_gmt":"2022-12-02T15:07:15","guid":{"rendered":"https:\/\/chagossianvoices.org\/island-innovation-conference\/"},"modified":"2022-12-02T17:25:04","modified_gmt":"2022-12-02T17:25:04","slug":"island-innovation-conference","status":"publish","type":"page","link":"https:\/\/chagossianvoices.org\/cr\/island-innovation-conference\/","title":{"rendered":"Island Innovation Conference"},"content":{"rendered":"\n<p>Louis Elyse finn pran la parol dan konferans Island Innovation 2021 devan ene lodians konpoz\u00e9 de bann leaders internasyonal, bann cadre ek bann inflians\u00e8r.<\/p>\n\n\n\n<figure class=\"wp-block-embed is-type-video is-provider-youtube wp-block-embed-youtube wp-embed-aspect-16-9 wp-has-aspect-ratio\"><div class=\"wp-block-embed__wrapper\">\n<iframe loading=\"lazy\" title=\"VIS2021: Island Stories - Chagossian Voices\" width=\"780\" height=\"439\" src=\"https:\/\/www.youtube.com\/embed\/KPwZYNQHHYU?feature=oembed\" frameborder=\"0\" allow=\"accelerometer; autoplay; clipboard-write; encrypted-media; gyroscope; picture-in-picture\" allowfullscreen><\/iframe>\n<\/div><\/figure>\n\n\n\n<p>Jean Fran\u00e7ois Nellan finn adress li a bann employ\u00e9 sp\u00e9cialis dan marketing nim\u00e9rik Mobsta ek bann employ\u00e9 Rolls Royce. Li finn \u00eate \u00e9galema kestion\u00e9 pou la gazette moris <a href=\"https:\/\/www.lexpress.mu\/article\/396962\/jean-francois-nellan-nous-sommes-contre-gouvernement-mauricien-et-non-contre\" target=\"_blank\" rel=\"noreferrer noopener\">daily newspaper L\u2019Express<\/a>.<\/p>\n\n\n\n<div style=\"height:5px\" aria-hidden=\"true\" class=\"wp-block-spacer\"><\/div>\n\n\n\n<p><a href=\"https:\/\/chagossianvoices.org\/cr\/konferans-2\/\"><strong>Konferans ><\/strong><\/a><\/p>\n","protected":false},"excerpt":{"rendered":"<p>Louis Elyse finn pran la parol dan konferans Island Innovation 2021 devan ene lodians konpoz\u00e9 de bann leaders internasyonal, bann cadre ek bann inflians\u00e8r. Jean Fran\u00e7ois Nellan finn adress li a bann employ\u00e9 sp\u00e9cialis dan marketing nim\u00e9rik Mobsta ek bann employ\u00e9 Rolls Royce. Li finn \u00eate \u00e9galema kestion\u00e9 pou la gazette moris daily newspaper L\u2019Express&#8230;. <a href=\"https:\/\/chagossianvoices.org\/cr\/island-innovation-conference\/\" class=\"btn btn-primary\">Lire la swit<\/a><\/p>\n","protected":false},"author":1,"featured_media":728,"parent":0,"menu_order":0,"comment_status":"closed","ping_status":"closed","template":"page-large-header","meta":{"_acf_changed":false,"_bbp_topic_count":0,"_bbp_reply_count":0,"_bbp_total_topic_count":0,"_bbp_total_reply_count":0,"_bbp_voice_count":0,"_bbp_anonymous_reply_count":0,"_bbp_topic_count_hidden":0,"_bbp_reply_count_hidden":0,"_bbp_forum_subforum_count":0,"footnotes":""},"class_list":["post-1247","page","type-page","status-publish","has-post-thumbnail","hentry"],"acf":[],"yoast_head":"<!-- This site is optimized with the Yoast SEO plugin v27.6 - https:\/\/yoast.com\/product\/yoast-seo-wordpress\/ -->\n<title>Island Innovation Conference - Chagossian Voices<\/title>\n<meta name=\"robots\" content=\"index, follow, max-snippet:-1, max-image-preview:large, max-video-preview:-1\" \/>\n<link rel=\"canonical\" href=\"https:\/\/chagossianvoices.org\/cr\/island-innovation-conference\/\" \/>\n<meta property=\"og:locale\" content=\"en_US\" \/>\n<meta property=\"og:type\" content=\"article\" \/>\n<meta property=\"og:title\" content=\"Island Innovation Conference - Chagossian Voices\" \/>\n<meta property=\"og:description\" content=\"Louis Elyse finn pran la parol dan konferans Island Innovation 2021 devan ene lodians konpoz\u00e9 de bann leaders internasyonal, bann cadre ek bann inflians\u00e8r. Jean Fran\u00e7ois Nellan finn adress li a bann employ\u00e9 sp\u00e9cialis dan marketing nim\u00e9rik Mobsta ek bann employ\u00e9 Rolls Royce. Li finn \u00eate \u00e9galema kestion\u00e9 pou la gazette moris daily newspaper L\u2019Express.... Lire la swit\" \/>\n<meta property=\"og:url\" content=\"https:\/\/chagossianvoices.org\/cr\/island-innovation-conference\/\" \/>\n<meta property=\"og:site_name\" content=\"Chagossian Voices\" \/>\n<meta property=\"article:modified_time\" content=\"2022-12-02T17:25:04+00:00\" \/>\n<meta name=\"twitter:card\" content=\"summary_large_image\" \/>\n<meta name=\"twitter:label1\" content=\"Est. reading time\" \/>\n\t<meta name=\"twitter:data1\" content=\"1 minute\" \/>\n<script type=\"application\/ld+json\" class=\"yoast-schema-graph\">{\"@context\":\"https:\\\/\\\/schema.org\",\"@graph\":[{\"@type\":\"WebPage\",\"@id\":\"https:\\\/\\\/chagossianvoices.org\\\/cr\\\/island-innovation-conference\\\/\",\"url\":\"https:\\\/\\\/chagossianvoices.org\\\/cr\\\/island-innovation-conference\\\/\",\"name\":\"Island Innovation Conference - Chagossian Voices\",\"isPartOf\":{\"@id\":\"https:\\\/\\\/chagossianvoices.org\\\/#website\"},\"primaryImageOfPage\":{\"@id\":\"https:\\\/\\\/chagossianvoices.org\\\/cr\\\/island-innovation-conference\\\/#primaryimage\"},\"image\":{\"@id\":\"https:\\\/\\\/chagossianvoices.org\\\/cr\\\/island-innovation-conference\\\/#primaryimage\"},\"thumbnailUrl\":\"https:\\\/\\\/chagossianvoices.org\\\/wp-content\\\/uploads\\\/2022\\\/07\\\/Peros-Banhos-Lagoon-Knolls-Ile-du-coin_2015_c-Jon-Slayer-scaled.jpg\",\"datePublished\":\"2022-12-02T15:07:15+00:00\",\"dateModified\":\"2022-12-02T17:25:04+00:00\",\"breadcrumb\":{\"@id\":\"https:\\\/\\\/chagossianvoices.org\\\/cr\\\/island-innovation-conference\\\/#breadcrumb\"},\"inLanguage\":\"kr\",\"potentialAction\":[{\"@type\":\"ReadAction\",\"target\":[\"https:\\\/\\\/chagossianvoices.org\\\/cr\\\/island-innovation-conference\\\/\"]}]},{\"@type\":\"ImageObject\",\"inLanguage\":\"kr\",\"@id\":\"https:\\\/\\\/chagossianvoices.org\\\/cr\\\/island-innovation-conference\\\/#primaryimage\",\"url\":\"https:\\\/\\\/chagossianvoices.org\\\/wp-content\\\/uploads\\\/2022\\\/07\\\/Peros-Banhos-Lagoon-Knolls-Ile-du-coin_2015_c-Jon-Slayer-scaled.jpg\",\"contentUrl\":\"https:\\\/\\\/chagossianvoices.org\\\/wp-content\\\/uploads\\\/2022\\\/07\\\/Peros-Banhos-Lagoon-Knolls-Ile-du-coin_2015_c-Jon-Slayer-scaled.jpg\",\"width\":2560,\"height\":1441,\"caption\":\"Peros Banhos Lagoon Knolls, Ile du coin_2015_(c) Jon Slayer\"},{\"@type\":\"BreadcrumbList\",\"@id\":\"https:\\\/\\\/chagossianvoices.org\\\/cr\\\/island-innovation-conference\\\/#breadcrumb\",\"itemListElement\":[{\"@type\":\"ListItem\",\"position\":1,\"name\":\"Home\",\"item\":\"https:\\\/\\\/chagossianvoices.org\\\/cr\\\/\"},{\"@type\":\"ListItem\",\"position\":2,\"name\":\"Island Innovation Conference\"}]},{\"@type\":\"WebSite\",\"@id\":\"https:\\\/\\\/chagossianvoices.org\\\/#website\",\"url\":\"https:\\\/\\\/chagossianvoices.org\\\/\",\"name\":\"Chagossian Voices\",\"description\":\"Just another WordPress site\",\"publisher\":{\"@id\":\"https:\\\/\\\/chagossianvoices.org\\\/#organization\"},\"potentialAction\":[{\"@type\":\"SearchAction\",\"target\":{\"@type\":\"EntryPoint\",\"urlTemplate\":\"https:\\\/\\\/chagossianvoices.org\\\/?s={search_term_string}\"},\"query-input\":{\"@type\":\"PropertyValueSpecification\",\"valueRequired\":true,\"valueName\":\"search_term_string\"}}],\"inLanguage\":\"kr\"},{\"@type\":\"Organization\",\"@id\":\"https:\\\/\\\/chagossianvoices.org\\\/#organization\",\"name\":\"Chagossian Voices\",\"url\":\"https:\\\/\\\/chagossianvoices.org\\\/\",\"logo\":{\"@type\":\"ImageObject\",\"inLanguage\":\"kr\",\"@id\":\"https:\\\/\\\/chagossianvoices.org\\\/#\\\/schema\\\/logo\\\/image\\\/\",\"url\":\"https:\\\/\\\/chagossianvoices.org\\\/wp-content\\\/uploads\\\/2021\\\/12\\\/ChagossianVoices-Logo@2x1.png\",\"contentUrl\":\"https:\\\/\\\/chagossianvoices.org\\\/wp-content\\\/uploads\\\/2021\\\/12\\\/ChagossianVoices-Logo@2x1.png\",\"width\":560,\"height\":160,\"caption\":\"Chagossian Voices\"},\"image\":{\"@id\":\"https:\\\/\\\/chagossianvoices.org\\\/#\\\/schema\\\/logo\\\/image\\\/\"}}]}<\/script>\n<!-- \/ Yoast SEO plugin. -->","yoast_head_json":{"title":"Island Innovation Conference - Chagossian Voices","robots":{"index":"index","follow":"follow","max-snippet":"max-snippet:-1","max-image-preview":"max-image-preview:large","max-video-preview":"max-video-preview:-1"},"canonical":"https:\/\/chagossianvoices.org\/cr\/island-innovation-conference\/","og_locale":"en_US","og_type":"article","og_title":"Island Innovation Conference - Chagossian Voices","og_description":"Louis Elyse finn pran la parol dan konferans Island Innovation 2021 devan ene lodians konpoz\u00e9 de bann leaders internasyonal, bann cadre ek bann inflians\u00e8r. Jean Fran\u00e7ois Nellan finn adress li a bann employ\u00e9 sp\u00e9cialis dan marketing nim\u00e9rik Mobsta ek bann employ\u00e9 Rolls Royce. Li finn \u00eate \u00e9galema kestion\u00e9 pou la gazette moris daily newspaper L\u2019Express.... Lire la swit","og_url":"https:\/\/chagossianvoices.org\/cr\/island-innovation-conference\/","og_site_name":"Chagossian Voices","article_modified_time":"2022-12-02T17:25:04+00:00","twitter_card":"summary_large_image","twitter_misc":{"Est. reading time":"1 minute"},"schema":{"@context":"https:\/\/schema.org","@graph":[{"@type":"WebPage","@id":"https:\/\/chagossianvoices.org\/cr\/island-innovation-conference\/","url":"https:\/\/chagossianvoices.org\/cr\/island-innovation-conference\/","name":"Island Innovation Conference - Chagossian Voices","isPartOf":{"@id":"https:\/\/chagossianvoices.org\/#website"},"primaryImageOfPage":{"@id":"https:\/\/chagossianvoices.org\/cr\/island-innovation-conference\/#primaryimage"},"image":{"@id":"https:\/\/chagossianvoices.org\/cr\/island-innovation-conference\/#primaryimage"},"thumbnailUrl":"https:\/\/chagossianvoices.org\/wp-content\/uploads\/2022\/07\/Peros-Banhos-Lagoon-Knolls-Ile-du-coin_2015_c-Jon-Slayer-scaled.jpg","datePublished":"2022-12-02T15:07:15+00:00","dateModified":"2022-12-02T17:25:04+00:00","breadcrumb":{"@id":"https:\/\/chagossianvoices.org\/cr\/island-innovation-conference\/#breadcrumb"},"inLanguage":"kr","potentialAction":[{"@type":"ReadAction","target":["https:\/\/chagossianvoices.org\/cr\/island-innovation-conference\/"]}]},{"@type":"ImageObject","inLanguage":"kr","@id":"https:\/\/chagossianvoices.org\/cr\/island-innovation-conference\/#primaryimage","url":"https:\/\/chagossianvoices.org\/wp-content\/uploads\/2022\/07\/Peros-Banhos-Lagoon-Knolls-Ile-du-coin_2015_c-Jon-Slayer-scaled.jpg","contentUrl":"https:\/\/chagossianvoices.org\/wp-content\/uploads\/2022\/07\/Peros-Banhos-Lagoon-Knolls-Ile-du-coin_2015_c-Jon-Slayer-scaled.jpg","width":2560,"height":1441,"caption":"Peros Banhos Lagoon Knolls, Ile du coin_2015_(c) Jon Slayer"},{"@type":"BreadcrumbList","@id":"https:\/\/chagossianvoices.org\/cr\/island-innovation-conference\/#breadcrumb","itemListElement":[{"@type":"ListItem","position":1,"name":"Home","item":"https:\/\/chagossianvoices.org\/cr\/"},{"@type":"ListItem","position":2,"name":"Island Innovation Conference"}]},{"@type":"WebSite","@id":"https:\/\/chagossianvoices.org\/#website","url":"https:\/\/chagossianvoices.org\/","name":"Chagossian Voices","description":"Just another WordPress site","publisher":{"@id":"https:\/\/chagossianvoices.org\/#organization"},"potentialAction":[{"@type":"SearchAction","target":{"@type":"EntryPoint","urlTemplate":"https:\/\/chagossianvoices.org\/?s={search_term_string}"},"query-input":{"@type":"PropertyValueSpecification","valueRequired":true,"valueName":"search_term_string"}}],"inLanguage":"kr"},{"@type":"Organization","@id":"https:\/\/chagossianvoices.org\/#organization","name":"Chagossian Voices","url":"https:\/\/chagossianvoices.org\/","logo":{"@type":"ImageObject","inLanguage":"kr","@id":"https:\/\/chagossianvoices.org\/#\/schema\/logo\/image\/","url":"https:\/\/chagossianvoices.org\/wp-content\/uploads\/2021\/12\/ChagossianVoices-Logo@2x1.png","contentUrl":"https:\/\/chagossianvoices.org\/wp-content\/uploads\/2021\/12\/ChagossianVoices-Logo@2x1.png","width":560,"height":160,"caption":"Chagossian Voices"},"image":{"@id":"https:\/\/chagossianvoices.org\/#\/schema\/logo\/image\/"}}]}},"_links":{"self":[{"href":"https:\/\/chagossianvoices.org\/cr\/wp-json\/wp\/v2\/pages\/1247","targetHints":{"allow":["GET"]}}],"collection":[{"href":"https:\/\/chagossianvoices.org\/cr\/wp-json\/wp\/v2\/pages"}],"about":[{"href":"https:\/\/chagossianvoices.org\/cr\/wp-json\/wp\/v2\/types\/page"}],"author":[{"embeddable":true,"href":"https:\/\/chagossianvoices.org\/cr\/wp-json\/wp\/v2\/users\/1"}],"replies":[{"embeddable":true,"href":"https:\/\/chagossianvoices.org\/cr\/wp-json\/wp\/v2\/comments?post=1247"}],"version-history":[{"count":2,"href":"https:\/\/chagossianvoices.org\/cr\/wp-json\/wp\/v2\/pages\/1247\/revisions"}],"predecessor-version":[{"id":1255,"href":"https:\/\/chagossianvoices.org\/cr\/wp-json\/wp\/v2\/pages\/1247\/revisions\/1255"}],"wp:featuredmedia":[{"embeddable":true,"href":"https:\/\/chagossianvoices.org\/cr\/wp-json\/wp\/v2\/media\/728"}],"wp:attachment":[{"href":"https:\/\/chagossianvoices.org\/cr\/wp-json\/wp\/v2\/media?parent=1247"}],"curies":[{"name":"wp","href":"https:\/\/api.w.org\/{rel}","templated":true}]}}