{"id":1224,"date":"2022-12-02T15:13:17","date_gmt":"2022-12-02T15:13:17","guid":{"rendered":"https:\/\/chagossianvoices.org\/ensam-nou-pli-fort\/"},"modified":"2024-02-27T22:43:22","modified_gmt":"2024-02-27T22:43:22","slug":"ensam-nou-pli-fort","status":"publish","type":"page","link":"https:\/\/chagossianvoices.org\/cr\/ensam-nou-pli-fort\/","title":{"rendered":"Ansam nou pli for"},"content":{"rendered":"\n<p><strong>Konferans virtyel Chagossian Voices \u201cEnsam nou pli for\u201d 3 zily\u00e9 2021<\/strong><\/p>\n\n\n\n<p>Sa konferans la finn \u00e9na d\u00e9 sesyon. Premy\u00e9 sesyon (en kreol) finn adr\u00e9ss\u00e9 a bann manb kominot\u00e9 ek finn met zot \u00e0 zour de bann siz\u00e9 inportan aktialit\u00e9, notaman:<br>\u2022 Nouvo plan pou l\u2019immigration ek proz\u00e9 de lwa lor nasyonalit\u00e9 ek fronti\u00e8r<br>\u2022 Nou bann r\u00e9nyon avek Minist\u00e8r de l\u2019int\u00e9rieur ek bann manb parlma ek bann nob (group parlemant\u00e8r miltiparti)<br>\u2022 Nou bann r\u00e9nyon avek FCDO ek lekip BIOT, ek bann diskisyon lor kominot\u00e9 so bann priorit\u00e9<\/p>\n\n\n\n<p>D\u00e9ziem sesyon, en anglais, finn explik n\u00e9cessit\u00e9 ek priorit\u00e9 sagosien ainsi ki rezim\u00e9 bann aktivit\u00e9 r\u00e9san group la. Nou finn oussi donn enn platform \u00e0 Uk Chagos Support Association, a Chagos Conservation Trust ek a d\u00e9 d\u00e9pit\u00e9 \u2013 Henry Smith d\u00e9pit\u00e9 Crawley, ek Mike Kane, d\u00e9pit\u00e9 Wythenshawe.<\/p>\n\n\n\n<p><a href=\"https:\/\/chagossianvoices.org\/cr\/konferans\/\"><strong>Nou bann konferans &gt;<\/strong><\/a><\/p>\n","protected":false},"excerpt":{"rendered":"<p>Konferans virtyel Chagossian Voices \u201cEnsam nou pli for\u201d 3 zily\u00e9 2021 Sa konferans la finn \u00e9na d\u00e9 sesyon. Premy\u00e9 sesyon (en kreol) finn adr\u00e9ss\u00e9 a bann manb kominot\u00e9 ek finn met zot \u00e0 zour de bann siz\u00e9 inportan aktialit\u00e9, notaman:\u2022 Nouvo plan pou l\u2019immigration ek proz\u00e9 de lwa lor nasyonalit\u00e9 ek fronti\u00e8r\u2022 Nou bann r\u00e9nyon&#8230; <a href=\"https:\/\/chagossianvoices.org\/cr\/ensam-nou-pli-fort\/\" class=\"btn btn-primary\">Lire la swit<\/a><\/p>\n","protected":false},"author":1,"featured_media":727,"parent":0,"menu_order":0,"comment_status":"closed","ping_status":"closed","template":"page-large-header","meta":{"_acf_changed":false,"_bbp_topic_count":0,"_bbp_reply_count":0,"_bbp_total_topic_count":0,"_bbp_total_reply_count":0,"_bbp_voice_count":0,"_bbp_anonymous_reply_count":0,"_bbp_topic_count_hidden":0,"_bbp_reply_count_hidden":0,"_bbp_forum_subforum_count":0,"footnotes":""},"class_list":["post-1224","page","type-page","status-publish","has-post-thumbnail","hentry"],"acf":[],"yoast_head":"<!-- This site is optimized with the Yoast SEO plugin v27.6 - https:\/\/yoast.com\/product\/yoast-seo-wordpress\/ -->\n<title>Ansam nou pli for - Chagossian Voices<\/title>\n<meta name=\"robots\" content=\"index, follow, max-snippet:-1, max-image-preview:large, max-video-preview:-1\" \/>\n<link rel=\"canonical\" href=\"https:\/\/chagossianvoices.org\/cr\/ensam-nou-pli-fort\/\" \/>\n<meta property=\"og:locale\" content=\"en_US\" \/>\n<meta property=\"og:type\" content=\"article\" \/>\n<meta property=\"og:title\" content=\"Ansam nou pli for - Chagossian Voices\" \/>\n<meta property=\"og:description\" content=\"Konferans virtyel Chagossian Voices \u201cEnsam nou pli for\u201d 3 zily\u00e9 2021 Sa konferans la finn \u00e9na d\u00e9 sesyon. Premy\u00e9 sesyon (en kreol) finn adr\u00e9ss\u00e9 a bann manb kominot\u00e9 ek finn met zot \u00e0 zour de bann siz\u00e9 inportan aktialit\u00e9, notaman:\u2022 Nouvo plan pou l\u2019immigration ek proz\u00e9 de lwa lor nasyonalit\u00e9 ek fronti\u00e8r\u2022 Nou bann r\u00e9nyon... Lire la swit\" \/>\n<meta property=\"og:url\" content=\"https:\/\/chagossianvoices.org\/cr\/ensam-nou-pli-fort\/\" \/>\n<meta property=\"og:site_name\" content=\"Chagossian Voices\" \/>\n<meta property=\"article:modified_time\" content=\"2024-02-27T22:43:22+00:00\" \/>\n<meta property=\"og:image\" content=\"https:\/\/chagossianvoices.org\/wp-content\/uploads\/2022\/07\/Sunset-overe-Salomon-Atoll-looking-toward-Ile-Boddam-IMG_7904_2010_c-Jon-Slayer-scaled.jpg\" \/>\n\t<meta property=\"og:image:width\" content=\"2560\" \/>\n\t<meta property=\"og:image:height\" content=\"1355\" \/>\n\t<meta property=\"og:image:type\" content=\"image\/jpeg\" \/>\n<meta name=\"twitter:card\" content=\"summary_large_image\" \/>\n<meta name=\"twitter:label1\" content=\"Est. reading time\" \/>\n\t<meta name=\"twitter:data1\" content=\"2 minutes\" \/>\n<script type=\"application\/ld+json\" class=\"yoast-schema-graph\">{\"@context\":\"https:\\\/\\\/schema.org\",\"@graph\":[{\"@type\":\"WebPage\",\"@id\":\"https:\\\/\\\/chagossianvoices.org\\\/cr\\\/ensam-nou-pli-fort\\\/\",\"url\":\"https:\\\/\\\/chagossianvoices.org\\\/cr\\\/ensam-nou-pli-fort\\\/\",\"name\":\"Ansam nou pli for - Chagossian Voices\",\"isPartOf\":{\"@id\":\"https:\\\/\\\/chagossianvoices.org\\\/#website\"},\"primaryImageOfPage\":{\"@id\":\"https:\\\/\\\/chagossianvoices.org\\\/cr\\\/ensam-nou-pli-fort\\\/#primaryimage\"},\"image\":{\"@id\":\"https:\\\/\\\/chagossianvoices.org\\\/cr\\\/ensam-nou-pli-fort\\\/#primaryimage\"},\"thumbnailUrl\":\"https:\\\/\\\/chagossianvoices.org\\\/wp-content\\\/uploads\\\/2022\\\/07\\\/Sunset-overe-Salomon-Atoll-looking-toward-Ile-Boddam-IMG_7904_2010_c-Jon-Slayer-scaled.jpg\",\"datePublished\":\"2022-12-02T15:13:17+00:00\",\"dateModified\":\"2024-02-27T22:43:22+00:00\",\"breadcrumb\":{\"@id\":\"https:\\\/\\\/chagossianvoices.org\\\/cr\\\/ensam-nou-pli-fort\\\/#breadcrumb\"},\"inLanguage\":\"kr\",\"potentialAction\":[{\"@type\":\"ReadAction\",\"target\":[\"https:\\\/\\\/chagossianvoices.org\\\/cr\\\/ensam-nou-pli-fort\\\/\"]}]},{\"@type\":\"ImageObject\",\"inLanguage\":\"kr\",\"@id\":\"https:\\\/\\\/chagossianvoices.org\\\/cr\\\/ensam-nou-pli-fort\\\/#primaryimage\",\"url\":\"https:\\\/\\\/chagossianvoices.org\\\/wp-content\\\/uploads\\\/2022\\\/07\\\/Sunset-overe-Salomon-Atoll-looking-toward-Ile-Boddam-IMG_7904_2010_c-Jon-Slayer-scaled.jpg\",\"contentUrl\":\"https:\\\/\\\/chagossianvoices.org\\\/wp-content\\\/uploads\\\/2022\\\/07\\\/Sunset-overe-Salomon-Atoll-looking-toward-Ile-Boddam-IMG_7904_2010_c-Jon-Slayer-scaled.jpg\",\"width\":2560,\"height\":1355,\"caption\":\"Sunset over Salomon Atoll looking toward Ile Boddam IMG_7904_2010_(c) Jon Slayer\"},{\"@type\":\"BreadcrumbList\",\"@id\":\"https:\\\/\\\/chagossianvoices.org\\\/cr\\\/ensam-nou-pli-fort\\\/#breadcrumb\",\"itemListElement\":[{\"@type\":\"ListItem\",\"position\":1,\"name\":\"Home\",\"item\":\"https:\\\/\\\/chagossianvoices.org\\\/cr\\\/\"},{\"@type\":\"ListItem\",\"position\":2,\"name\":\"Ansam nou pli for\"}]},{\"@type\":\"WebSite\",\"@id\":\"https:\\\/\\\/chagossianvoices.org\\\/#website\",\"url\":\"https:\\\/\\\/chagossianvoices.org\\\/\",\"name\":\"Chagossian Voices\",\"description\":\"Just another WordPress site\",\"publisher\":{\"@id\":\"https:\\\/\\\/chagossianvoices.org\\\/#organization\"},\"potentialAction\":[{\"@type\":\"SearchAction\",\"target\":{\"@type\":\"EntryPoint\",\"urlTemplate\":\"https:\\\/\\\/chagossianvoices.org\\\/?s={search_term_string}\"},\"query-input\":{\"@type\":\"PropertyValueSpecification\",\"valueRequired\":true,\"valueName\":\"search_term_string\"}}],\"inLanguage\":\"kr\"},{\"@type\":\"Organization\",\"@id\":\"https:\\\/\\\/chagossianvoices.org\\\/#organization\",\"name\":\"Chagossian Voices\",\"url\":\"https:\\\/\\\/chagossianvoices.org\\\/\",\"logo\":{\"@type\":\"ImageObject\",\"inLanguage\":\"kr\",\"@id\":\"https:\\\/\\\/chagossianvoices.org\\\/#\\\/schema\\\/logo\\\/image\\\/\",\"url\":\"https:\\\/\\\/chagossianvoices.org\\\/wp-content\\\/uploads\\\/2021\\\/12\\\/ChagossianVoices-Logo@2x1.png\",\"contentUrl\":\"https:\\\/\\\/chagossianvoices.org\\\/wp-content\\\/uploads\\\/2021\\\/12\\\/ChagossianVoices-Logo@2x1.png\",\"width\":560,\"height\":160,\"caption\":\"Chagossian Voices\"},\"image\":{\"@id\":\"https:\\\/\\\/chagossianvoices.org\\\/#\\\/schema\\\/logo\\\/image\\\/\"}}]}<\/script>\n<!-- \/ Yoast SEO plugin. -->","yoast_head_json":{"title":"Ansam nou pli for - Chagossian Voices","robots":{"index":"index","follow":"follow","max-snippet":"max-snippet:-1","max-image-preview":"max-image-preview:large","max-video-preview":"max-video-preview:-1"},"canonical":"https:\/\/chagossianvoices.org\/cr\/ensam-nou-pli-fort\/","og_locale":"en_US","og_type":"article","og_title":"Ansam nou pli for - Chagossian Voices","og_description":"Konferans virtyel Chagossian Voices \u201cEnsam nou pli for\u201d 3 zily\u00e9 2021 Sa konferans la finn \u00e9na d\u00e9 sesyon. Premy\u00e9 sesyon (en kreol) finn adr\u00e9ss\u00e9 a bann manb kominot\u00e9 ek finn met zot \u00e0 zour de bann siz\u00e9 inportan aktialit\u00e9, notaman:\u2022 Nouvo plan pou l\u2019immigration ek proz\u00e9 de lwa lor nasyonalit\u00e9 ek fronti\u00e8r\u2022 Nou bann r\u00e9nyon... Lire la swit","og_url":"https:\/\/chagossianvoices.org\/cr\/ensam-nou-pli-fort\/","og_site_name":"Chagossian Voices","article_modified_time":"2024-02-27T22:43:22+00:00","og_image":[{"width":2560,"height":1355,"url":"https:\/\/chagossianvoices.org\/wp-content\/uploads\/2022\/07\/Sunset-overe-Salomon-Atoll-looking-toward-Ile-Boddam-IMG_7904_2010_c-Jon-Slayer-scaled.jpg","type":"image\/jpeg"}],"twitter_card":"summary_large_image","twitter_misc":{"Est. reading time":"2 minutes"},"schema":{"@context":"https:\/\/schema.org","@graph":[{"@type":"WebPage","@id":"https:\/\/chagossianvoices.org\/cr\/ensam-nou-pli-fort\/","url":"https:\/\/chagossianvoices.org\/cr\/ensam-nou-pli-fort\/","name":"Ansam nou pli for - Chagossian Voices","isPartOf":{"@id":"https:\/\/chagossianvoices.org\/#website"},"primaryImageOfPage":{"@id":"https:\/\/chagossianvoices.org\/cr\/ensam-nou-pli-fort\/#primaryimage"},"image":{"@id":"https:\/\/chagossianvoices.org\/cr\/ensam-nou-pli-fort\/#primaryimage"},"thumbnailUrl":"https:\/\/chagossianvoices.org\/wp-content\/uploads\/2022\/07\/Sunset-overe-Salomon-Atoll-looking-toward-Ile-Boddam-IMG_7904_2010_c-Jon-Slayer-scaled.jpg","datePublished":"2022-12-02T15:13:17+00:00","dateModified":"2024-02-27T22:43:22+00:00","breadcrumb":{"@id":"https:\/\/chagossianvoices.org\/cr\/ensam-nou-pli-fort\/#breadcrumb"},"inLanguage":"kr","potentialAction":[{"@type":"ReadAction","target":["https:\/\/chagossianvoices.org\/cr\/ensam-nou-pli-fort\/"]}]},{"@type":"ImageObject","inLanguage":"kr","@id":"https:\/\/chagossianvoices.org\/cr\/ensam-nou-pli-fort\/#primaryimage","url":"https:\/\/chagossianvoices.org\/wp-content\/uploads\/2022\/07\/Sunset-overe-Salomon-Atoll-looking-toward-Ile-Boddam-IMG_7904_2010_c-Jon-Slayer-scaled.jpg","contentUrl":"https:\/\/chagossianvoices.org\/wp-content\/uploads\/2022\/07\/Sunset-overe-Salomon-Atoll-looking-toward-Ile-Boddam-IMG_7904_2010_c-Jon-Slayer-scaled.jpg","width":2560,"height":1355,"caption":"Sunset over Salomon Atoll looking toward Ile Boddam IMG_7904_2010_(c) Jon Slayer"},{"@type":"BreadcrumbList","@id":"https:\/\/chagossianvoices.org\/cr\/ensam-nou-pli-fort\/#breadcrumb","itemListElement":[{"@type":"ListItem","position":1,"name":"Home","item":"https:\/\/chagossianvoices.org\/cr\/"},{"@type":"ListItem","position":2,"name":"Ansam nou pli for"}]},{"@type":"WebSite","@id":"https:\/\/chagossianvoices.org\/#website","url":"https:\/\/chagossianvoices.org\/","name":"Chagossian Voices","description":"Just another WordPress site","publisher":{"@id":"https:\/\/chagossianvoices.org\/#organization"},"potentialAction":[{"@type":"SearchAction","target":{"@type":"EntryPoint","urlTemplate":"https:\/\/chagossianvoices.org\/?s={search_term_string}"},"query-input":{"@type":"PropertyValueSpecification","valueRequired":true,"valueName":"search_term_string"}}],"inLanguage":"kr"},{"@type":"Organization","@id":"https:\/\/chagossianvoices.org\/#organization","name":"Chagossian Voices","url":"https:\/\/chagossianvoices.org\/","logo":{"@type":"ImageObject","inLanguage":"kr","@id":"https:\/\/chagossianvoices.org\/#\/schema\/logo\/image\/","url":"https:\/\/chagossianvoices.org\/wp-content\/uploads\/2021\/12\/ChagossianVoices-Logo@2x1.png","contentUrl":"https:\/\/chagossianvoices.org\/wp-content\/uploads\/2021\/12\/ChagossianVoices-Logo@2x1.png","width":560,"height":160,"caption":"Chagossian Voices"},"image":{"@id":"https:\/\/chagossianvoices.org\/#\/schema\/logo\/image\/"}}]}},"_links":{"self":[{"href":"https:\/\/chagossianvoices.org\/cr\/wp-json\/wp\/v2\/pages\/1224","targetHints":{"allow":["GET"]}}],"collection":[{"href":"https:\/\/chagossianvoices.org\/cr\/wp-json\/wp\/v2\/pages"}],"about":[{"href":"https:\/\/chagossianvoices.org\/cr\/wp-json\/wp\/v2\/types\/page"}],"author":[{"embeddable":true,"href":"https:\/\/chagossianvoices.org\/cr\/wp-json\/wp\/v2\/users\/1"}],"replies":[{"embeddable":true,"href":"https:\/\/chagossianvoices.org\/cr\/wp-json\/wp\/v2\/comments?post=1224"}],"version-history":[{"count":7,"href":"https:\/\/chagossianvoices.org\/cr\/wp-json\/wp\/v2\/pages\/1224\/revisions"}],"predecessor-version":[{"id":2063,"href":"https:\/\/chagossianvoices.org\/cr\/wp-json\/wp\/v2\/pages\/1224\/revisions\/2063"}],"wp:featuredmedia":[{"embeddable":true,"href":"https:\/\/chagossianvoices.org\/cr\/wp-json\/wp\/v2\/media\/727"}],"wp:attachment":[{"href":"https:\/\/chagossianvoices.org\/cr\/wp-json\/wp\/v2\/media?parent=1224"}],"curies":[{"name":"wp","href":"https:\/\/api.w.org\/{rel}","templated":true}]}}