{"id":1222,"date":"2022-12-02T15:10:20","date_gmt":"2022-12-02T15:10:20","guid":{"rendered":"https:\/\/chagossianvoices.org\/konferans-virtiel-chagossian-voices-desam-2022\/"},"modified":"2023-06-10T12:26:23","modified_gmt":"2023-06-10T12:26:23","slug":"konferans-virtiel-chagossian-voices-desam-2020","status":"publish","type":"page","link":"https:\/\/chagossianvoices.org\/cr\/konferans-virtiel-chagossian-voices-desam-2020\/","title":{"rendered":"Konferans virtiel Chagossian Voices desam 2020"},"content":{"rendered":"\n<p><strong>Konferans virtiel Chagossian Voices 5 desam 2020<\/strong><\/p>\n\n<p>Sa konferans\/webin\u00e8r la finn donn enta memb kominot\u00e9 sagosien lokazion partaz zot zistwar, zot lanbisyon ek zot priorit\u00e9 avek l\u00e9monde entier. Konferans la finn atir ene piblik inflian konpoz\u00e9 de bann d\u00e9put\u00e9, bann responsab gouvernma lokal ek internasyonal, iniversit\u00e8r, bann r\u00e9pr\u00e9zantan de bann ONG ainsi ki ene bann alli\u00e9, bann sipot\u00e8r, bann memb piblik ki interess\u00e9 ek memb kominot\u00e9 sagosien.<\/p>\n\n<figure class=\"wp-block-embed is-type-video is-provider-youtube wp-block-embed-youtube wp-embed-aspect-16-9 wp-has-aspect-ratio\"><div class=\"wp-block-embed__wrapper\">\n<iframe loading=\"lazy\" title=\"Chagossian Voices Virtual Conference 2020\" width=\"780\" height=\"439\" src=\"https:\/\/www.youtube.com\/embed\/PKdzz3YVX5E?feature=oembed\" frameborder=\"0\" allow=\"accelerometer; autoplay; clipboard-write; encrypted-media; gyroscope; picture-in-picture\" allowfullscreen><\/iframe>\n<\/div><\/figure>\n\n<p><a href=\"https:\/\/chagossianvoices.org\/cr\/konferans\/\"><strong>Nou bann konferans &gt;<\/strong><\/a><\/p>\n","protected":false},"excerpt":{"rendered":"<p>Konferans virtiel Chagossian Voices 5 desam 2020 Sa konferans\/webin\u00e8r la finn donn enta memb kominot\u00e9 sagosien lokazion partaz zot zistwar, zot lanbisyon ek zot priorit\u00e9 avek l\u00e9monde entier. Konferans la finn atir ene piblik inflian konpoz\u00e9 de bann d\u00e9put\u00e9, bann responsab gouvernma lokal ek internasyonal, iniversit\u00e8r, bann r\u00e9pr\u00e9zantan de bann ONG ainsi ki ene bann&#8230; <a href=\"https:\/\/chagossianvoices.org\/cr\/konferans-virtiel-chagossian-voices-desam-2020\/\" class=\"btn btn-primary\">Lire la swit<\/a><\/p>\n","protected":false},"author":1,"featured_media":726,"parent":0,"menu_order":0,"comment_status":"closed","ping_status":"closed","template":"page-large-header","meta":{"_acf_changed":false,"_bbp_topic_count":0,"_bbp_reply_count":0,"_bbp_total_topic_count":0,"_bbp_total_reply_count":0,"_bbp_voice_count":0,"_bbp_anonymous_reply_count":0,"_bbp_topic_count_hidden":0,"_bbp_reply_count_hidden":0,"_bbp_forum_subforum_count":0,"footnotes":""},"class_list":["post-1222","page","type-page","status-publish","has-post-thumbnail","hentry"],"acf":[],"yoast_head":"<!-- This site is optimized with the Yoast SEO plugin v27.6 - https:\/\/yoast.com\/product\/yoast-seo-wordpress\/ -->\n<title>Konferans virtiel Chagossian Voices desam 2020 - Chagossian Voices<\/title>\n<meta name=\"robots\" content=\"index, follow, max-snippet:-1, max-image-preview:large, max-video-preview:-1\" \/>\n<link rel=\"canonical\" href=\"https:\/\/chagossianvoices.org\/cr\/konferans-virtiel-chagossian-voices-desam-2020\/\" \/>\n<meta property=\"og:locale\" content=\"en_US\" \/>\n<meta property=\"og:type\" content=\"article\" \/>\n<meta property=\"og:title\" content=\"Konferans virtiel Chagossian Voices desam 2020 - Chagossian Voices\" \/>\n<meta property=\"og:description\" content=\"Konferans virtiel Chagossian Voices 5 desam 2020 Sa konferans\/webin\u00e8r la finn donn enta memb kominot\u00e9 sagosien lokazion partaz zot zistwar, zot lanbisyon ek zot priorit\u00e9 avek l\u00e9monde entier. Konferans la finn atir ene piblik inflian konpoz\u00e9 de bann d\u00e9put\u00e9, bann responsab gouvernma lokal ek internasyonal, iniversit\u00e8r, bann r\u00e9pr\u00e9zantan de bann ONG ainsi ki ene bann... Lire la swit\" \/>\n<meta property=\"og:url\" content=\"https:\/\/chagossianvoices.org\/cr\/konferans-virtiel-chagossian-voices-desam-2020\/\" \/>\n<meta property=\"og:site_name\" content=\"Chagossian Voices\" \/>\n<meta property=\"article:modified_time\" content=\"2023-06-10T12:26:23+00:00\" \/>\n<meta property=\"og:image\" content=\"https:\/\/chagossianvoices.org\/wp-content\/uploads\/2022\/07\/Great-Chagos-Bank-Middle-Brother-looking-toward-South-Brother_2014_c-Jon-Slayer-scaled.jpg\" \/>\n\t<meta property=\"og:image:width\" content=\"2560\" \/>\n\t<meta property=\"og:image:height\" content=\"1707\" \/>\n\t<meta property=\"og:image:type\" content=\"image\/jpeg\" \/>\n<meta name=\"twitter:card\" content=\"summary_large_image\" \/>\n<script type=\"application\/ld+json\" class=\"yoast-schema-graph\">{\"@context\":\"https:\\\/\\\/schema.org\",\"@graph\":[{\"@type\":\"WebPage\",\"@id\":\"https:\\\/\\\/chagossianvoices.org\\\/cr\\\/konferans-virtiel-chagossian-voices-desam-2020\\\/\",\"url\":\"https:\\\/\\\/chagossianvoices.org\\\/cr\\\/konferans-virtiel-chagossian-voices-desam-2020\\\/\",\"name\":\"Konferans virtiel Chagossian Voices desam 2020 - Chagossian Voices\",\"isPartOf\":{\"@id\":\"https:\\\/\\\/chagossianvoices.org\\\/#website\"},\"primaryImageOfPage\":{\"@id\":\"https:\\\/\\\/chagossianvoices.org\\\/cr\\\/konferans-virtiel-chagossian-voices-desam-2020\\\/#primaryimage\"},\"image\":{\"@id\":\"https:\\\/\\\/chagossianvoices.org\\\/cr\\\/konferans-virtiel-chagossian-voices-desam-2020\\\/#primaryimage\"},\"thumbnailUrl\":\"https:\\\/\\\/chagossianvoices.org\\\/wp-content\\\/uploads\\\/2022\\\/07\\\/Great-Chagos-Bank-Middle-Brother-looking-toward-South-Brother_2014_c-Jon-Slayer-scaled.jpg\",\"datePublished\":\"2022-12-02T15:10:20+00:00\",\"dateModified\":\"2023-06-10T12:26:23+00:00\",\"breadcrumb\":{\"@id\":\"https:\\\/\\\/chagossianvoices.org\\\/cr\\\/konferans-virtiel-chagossian-voices-desam-2020\\\/#breadcrumb\"},\"inLanguage\":\"kr\",\"potentialAction\":[{\"@type\":\"ReadAction\",\"target\":[\"https:\\\/\\\/chagossianvoices.org\\\/cr\\\/konferans-virtiel-chagossian-voices-desam-2020\\\/\"]}]},{\"@type\":\"ImageObject\",\"inLanguage\":\"kr\",\"@id\":\"https:\\\/\\\/chagossianvoices.org\\\/cr\\\/konferans-virtiel-chagossian-voices-desam-2020\\\/#primaryimage\",\"url\":\"https:\\\/\\\/chagossianvoices.org\\\/wp-content\\\/uploads\\\/2022\\\/07\\\/Great-Chagos-Bank-Middle-Brother-looking-toward-South-Brother_2014_c-Jon-Slayer-scaled.jpg\",\"contentUrl\":\"https:\\\/\\\/chagossianvoices.org\\\/wp-content\\\/uploads\\\/2022\\\/07\\\/Great-Chagos-Bank-Middle-Brother-looking-toward-South-Brother_2014_c-Jon-Slayer-scaled.jpg\",\"width\":2560,\"height\":1707,\"caption\":\"Kreol\"},{\"@type\":\"BreadcrumbList\",\"@id\":\"https:\\\/\\\/chagossianvoices.org\\\/cr\\\/konferans-virtiel-chagossian-voices-desam-2020\\\/#breadcrumb\",\"itemListElement\":[{\"@type\":\"ListItem\",\"position\":1,\"name\":\"Home\",\"item\":\"https:\\\/\\\/chagossianvoices.org\\\/cr\\\/\"},{\"@type\":\"ListItem\",\"position\":2,\"name\":\"Konferans virtiel Chagossian Voices desam 2020\"}]},{\"@type\":\"WebSite\",\"@id\":\"https:\\\/\\\/chagossianvoices.org\\\/#website\",\"url\":\"https:\\\/\\\/chagossianvoices.org\\\/\",\"name\":\"Chagossian Voices\",\"description\":\"Just another WordPress site\",\"publisher\":{\"@id\":\"https:\\\/\\\/chagossianvoices.org\\\/#organization\"},\"potentialAction\":[{\"@type\":\"SearchAction\",\"target\":{\"@type\":\"EntryPoint\",\"urlTemplate\":\"https:\\\/\\\/chagossianvoices.org\\\/?s={search_term_string}\"},\"query-input\":{\"@type\":\"PropertyValueSpecification\",\"valueRequired\":true,\"valueName\":\"search_term_string\"}}],\"inLanguage\":\"kr\"},{\"@type\":\"Organization\",\"@id\":\"https:\\\/\\\/chagossianvoices.org\\\/#organization\",\"name\":\"Chagossian Voices\",\"url\":\"https:\\\/\\\/chagossianvoices.org\\\/\",\"logo\":{\"@type\":\"ImageObject\",\"inLanguage\":\"kr\",\"@id\":\"https:\\\/\\\/chagossianvoices.org\\\/#\\\/schema\\\/logo\\\/image\\\/\",\"url\":\"https:\\\/\\\/chagossianvoices.org\\\/wp-content\\\/uploads\\\/2021\\\/12\\\/ChagossianVoices-Logo@2x1.png\",\"contentUrl\":\"https:\\\/\\\/chagossianvoices.org\\\/wp-content\\\/uploads\\\/2021\\\/12\\\/ChagossianVoices-Logo@2x1.png\",\"width\":560,\"height\":160,\"caption\":\"Chagossian Voices\"},\"image\":{\"@id\":\"https:\\\/\\\/chagossianvoices.org\\\/#\\\/schema\\\/logo\\\/image\\\/\"}}]}<\/script>\n<!-- \/ Yoast SEO plugin. -->","yoast_head_json":{"title":"Konferans virtiel Chagossian Voices desam 2020 - Chagossian Voices","robots":{"index":"index","follow":"follow","max-snippet":"max-snippet:-1","max-image-preview":"max-image-preview:large","max-video-preview":"max-video-preview:-1"},"canonical":"https:\/\/chagossianvoices.org\/cr\/konferans-virtiel-chagossian-voices-desam-2020\/","og_locale":"en_US","og_type":"article","og_title":"Konferans virtiel Chagossian Voices desam 2020 - Chagossian Voices","og_description":"Konferans virtiel Chagossian Voices 5 desam 2020 Sa konferans\/webin\u00e8r la finn donn enta memb kominot\u00e9 sagosien lokazion partaz zot zistwar, zot lanbisyon ek zot priorit\u00e9 avek l\u00e9monde entier. Konferans la finn atir ene piblik inflian konpoz\u00e9 de bann d\u00e9put\u00e9, bann responsab gouvernma lokal ek internasyonal, iniversit\u00e8r, bann r\u00e9pr\u00e9zantan de bann ONG ainsi ki ene bann... Lire la swit","og_url":"https:\/\/chagossianvoices.org\/cr\/konferans-virtiel-chagossian-voices-desam-2020\/","og_site_name":"Chagossian Voices","article_modified_time":"2023-06-10T12:26:23+00:00","og_image":[{"width":2560,"height":1707,"url":"https:\/\/chagossianvoices.org\/wp-content\/uploads\/2022\/07\/Great-Chagos-Bank-Middle-Brother-looking-toward-South-Brother_2014_c-Jon-Slayer-scaled.jpg","type":"image\/jpeg"}],"twitter_card":"summary_large_image","schema":{"@context":"https:\/\/schema.org","@graph":[{"@type":"WebPage","@id":"https:\/\/chagossianvoices.org\/cr\/konferans-virtiel-chagossian-voices-desam-2020\/","url":"https:\/\/chagossianvoices.org\/cr\/konferans-virtiel-chagossian-voices-desam-2020\/","name":"Konferans virtiel Chagossian Voices desam 2020 - Chagossian Voices","isPartOf":{"@id":"https:\/\/chagossianvoices.org\/#website"},"primaryImageOfPage":{"@id":"https:\/\/chagossianvoices.org\/cr\/konferans-virtiel-chagossian-voices-desam-2020\/#primaryimage"},"image":{"@id":"https:\/\/chagossianvoices.org\/cr\/konferans-virtiel-chagossian-voices-desam-2020\/#primaryimage"},"thumbnailUrl":"https:\/\/chagossianvoices.org\/wp-content\/uploads\/2022\/07\/Great-Chagos-Bank-Middle-Brother-looking-toward-South-Brother_2014_c-Jon-Slayer-scaled.jpg","datePublished":"2022-12-02T15:10:20+00:00","dateModified":"2023-06-10T12:26:23+00:00","breadcrumb":{"@id":"https:\/\/chagossianvoices.org\/cr\/konferans-virtiel-chagossian-voices-desam-2020\/#breadcrumb"},"inLanguage":"kr","potentialAction":[{"@type":"ReadAction","target":["https:\/\/chagossianvoices.org\/cr\/konferans-virtiel-chagossian-voices-desam-2020\/"]}]},{"@type":"ImageObject","inLanguage":"kr","@id":"https:\/\/chagossianvoices.org\/cr\/konferans-virtiel-chagossian-voices-desam-2020\/#primaryimage","url":"https:\/\/chagossianvoices.org\/wp-content\/uploads\/2022\/07\/Great-Chagos-Bank-Middle-Brother-looking-toward-South-Brother_2014_c-Jon-Slayer-scaled.jpg","contentUrl":"https:\/\/chagossianvoices.org\/wp-content\/uploads\/2022\/07\/Great-Chagos-Bank-Middle-Brother-looking-toward-South-Brother_2014_c-Jon-Slayer-scaled.jpg","width":2560,"height":1707,"caption":"Kreol"},{"@type":"BreadcrumbList","@id":"https:\/\/chagossianvoices.org\/cr\/konferans-virtiel-chagossian-voices-desam-2020\/#breadcrumb","itemListElement":[{"@type":"ListItem","position":1,"name":"Home","item":"https:\/\/chagossianvoices.org\/cr\/"},{"@type":"ListItem","position":2,"name":"Konferans virtiel Chagossian Voices desam 2020"}]},{"@type":"WebSite","@id":"https:\/\/chagossianvoices.org\/#website","url":"https:\/\/chagossianvoices.org\/","name":"Chagossian Voices","description":"Just another WordPress site","publisher":{"@id":"https:\/\/chagossianvoices.org\/#organization"},"potentialAction":[{"@type":"SearchAction","target":{"@type":"EntryPoint","urlTemplate":"https:\/\/chagossianvoices.org\/?s={search_term_string}"},"query-input":{"@type":"PropertyValueSpecification","valueRequired":true,"valueName":"search_term_string"}}],"inLanguage":"kr"},{"@type":"Organization","@id":"https:\/\/chagossianvoices.org\/#organization","name":"Chagossian Voices","url":"https:\/\/chagossianvoices.org\/","logo":{"@type":"ImageObject","inLanguage":"kr","@id":"https:\/\/chagossianvoices.org\/#\/schema\/logo\/image\/","url":"https:\/\/chagossianvoices.org\/wp-content\/uploads\/2021\/12\/ChagossianVoices-Logo@2x1.png","contentUrl":"https:\/\/chagossianvoices.org\/wp-content\/uploads\/2021\/12\/ChagossianVoices-Logo@2x1.png","width":560,"height":160,"caption":"Chagossian Voices"},"image":{"@id":"https:\/\/chagossianvoices.org\/#\/schema\/logo\/image\/"}}]}},"_links":{"self":[{"href":"https:\/\/chagossianvoices.org\/cr\/wp-json\/wp\/v2\/pages\/1222","targetHints":{"allow":["GET"]}}],"collection":[{"href":"https:\/\/chagossianvoices.org\/cr\/wp-json\/wp\/v2\/pages"}],"about":[{"href":"https:\/\/chagossianvoices.org\/cr\/wp-json\/wp\/v2\/types\/page"}],"author":[{"embeddable":true,"href":"https:\/\/chagossianvoices.org\/cr\/wp-json\/wp\/v2\/users\/1"}],"replies":[{"embeddable":true,"href":"https:\/\/chagossianvoices.org\/cr\/wp-json\/wp\/v2\/comments?post=1222"}],"version-history":[{"count":3,"href":"https:\/\/chagossianvoices.org\/cr\/wp-json\/wp\/v2\/pages\/1222\/revisions"}],"predecessor-version":[{"id":1261,"href":"https:\/\/chagossianvoices.org\/cr\/wp-json\/wp\/v2\/pages\/1222\/revisions\/1261"}],"wp:featuredmedia":[{"embeddable":true,"href":"https:\/\/chagossianvoices.org\/cr\/wp-json\/wp\/v2\/media\/726"}],"wp:attachment":[{"href":"https:\/\/chagossianvoices.org\/cr\/wp-json\/wp\/v2\/media?parent=1222"}],"curies":[{"name":"wp","href":"https:\/\/api.w.org\/{rel}","templated":true}]}}