{"id":1206,"date":"2022-12-02T16:05:09","date_gmt":"2022-12-02T16:05:09","guid":{"rendered":"https:\/\/chagossianvoices.org\/tribinal-internasyonal-drwa-la-mer-itlos\/"},"modified":"2022-12-02T16:39:04","modified_gmt":"2022-12-02T16:39:04","slug":"tribinal-internasyonal-drwa-la-mer-itlos","status":"publish","type":"page","link":"https:\/\/chagossianvoices.org\/cr\/tribinal-internasyonal-drwa-la-mer-itlos\/","title":{"rendered":"Tribinal Internasyonal drwa la mer (ITLOS)"},"content":{"rendered":"\n<p><strong>Chagossian Voices ek Tribinal Internasyonal drwa la mer (ITLOS)<\/strong><\/p>\n\n\n\n<p>En oktob 2022, enn cellule special ITLOS finn a l\u00e9kout Dif\u00e9ran konsernan deliminasyon fronti\u00e8r maritim entre Moris ek Maldives dan l\u2019Oc\u00e9an Indien.<\/p>\n\n\n\n<p>Sa finn arriv\u00e9 swit a l\u2019avis konsiltatif CIJ en 2019, ki finn deklar\u00e9 ki Moris bizin \u00e9na souver\u00e8nt\u00e9 lor bann zil. Puiski Chagossian Voices rezet zizma la Cour baz\u00e9 lor fait ki sagosien napa finn repr\u00e9sent\u00e9. Nou finn ekrir enn reklamasyon \u00e0 sa tribinal la ek bann juge de sa cellule special la.<\/p>\n\n\n\n<p>Lettre la finn recevwar ek transmet \u00e0 bann juge ek nou p\u00e9 atann enn r\u00e9ponse. Nou deklarasyon finn sisit enn l\u2019int\u00e9r\u00eat konsiderab dan Maldives, finn recevwar enn kouvertir mediatik ek enn nouvo swivi par Maldives lor Twitter.<\/p>\n\n\n\n<p><strong>Lartik<\/strong><\/p>\n\n\n\n<p><a href=\"https:\/\/atolltimes.mv\/post\/news\/902\" target=\"_blank\" rel=\"noreferrer noopener\">https:\/\/atolltimes.mv\/post\/news\/902<\/a><\/p>\n\n\n\n<p><a href=\"https:\/\/en.thepress.mv\/14597\" target=\"_blank\" rel=\"noreferrer noopener\">https:\/\/en.thepress.mv\/14597<\/a><\/p>\n\n\n\n<p><strong>Lettre Chagossian Voices pou ITLOS. <a href=\"https:\/\/chagossianvoices.org\/wp-content\/uploads\/2022\/12\/Lettre-Chagossian-Voices-pou-ITLOS.pdf\" target=\"_blank\" rel=\"noreferrer noopener\">Read now ><\/a><\/strong><\/p>\n\n\n\n<figure class=\"wp-block-image size-full\"><img loading=\"lazy\" decoding=\"async\" width=\"366\" height=\"362\" src=\"https:\/\/chagossianvoices.org\/wp-content\/uploads\/2022\/12\/itlos_logo_en_fr_mobile.jpg\" alt=\"\" class=\"wp-image-1174\" srcset=\"https:\/\/chagossianvoices.org\/wp-content\/uploads\/2022\/12\/itlos_logo_en_fr_mobile.jpg 366w, https:\/\/chagossianvoices.org\/wp-content\/uploads\/2022\/12\/itlos_logo_en_fr_mobile-300x297.jpg 300w\" sizes=\"auto, (max-width: 366px) 100vw, 366px\" \/><\/figure>\n","protected":false},"excerpt":{"rendered":"<p>Chagossian Voices ek Tribinal Internasyonal drwa la mer (ITLOS) En oktob 2022, enn cellule special ITLOS finn a l\u00e9kout Dif\u00e9ran konsernan deliminasyon fronti\u00e8r maritim entre Moris ek Maldives dan l\u2019Oc\u00e9an Indien. Sa finn arriv\u00e9 swit a l\u2019avis konsiltatif CIJ en 2019, ki finn deklar\u00e9 ki Moris bizin \u00e9na souver\u00e8nt\u00e9 lor bann zil. Puiski Chagossian Voices&#8230; <a href=\"https:\/\/chagossianvoices.org\/cr\/tribinal-internasyonal-drwa-la-mer-itlos\/\" class=\"btn btn-primary\">Lire la swit<\/a><\/p>\n","protected":false},"author":1,"featured_media":724,"parent":0,"menu_order":0,"comment_status":"closed","ping_status":"closed","template":"page-large-header","meta":{"_acf_changed":false,"_bbp_topic_count":0,"_bbp_reply_count":0,"_bbp_total_topic_count":0,"_bbp_total_reply_count":0,"_bbp_voice_count":0,"_bbp_anonymous_reply_count":0,"_bbp_topic_count_hidden":0,"_bbp_reply_count_hidden":0,"_bbp_forum_subforum_count":0,"footnotes":""},"class_list":["post-1206","page","type-page","status-publish","has-post-thumbnail","hentry"],"acf":[],"yoast_head":"<!-- This site is optimized with the Yoast SEO plugin v27.6 - https:\/\/yoast.com\/product\/yoast-seo-wordpress\/ -->\n<title>Tribinal Internasyonal drwa la mer (ITLOS) - Chagossian Voices<\/title>\n<meta name=\"robots\" content=\"index, follow, max-snippet:-1, max-image-preview:large, max-video-preview:-1\" \/>\n<link rel=\"canonical\" href=\"https:\/\/chagossianvoices.org\/cr\/tribinal-internasyonal-drwa-la-mer-itlos\/\" \/>\n<meta property=\"og:locale\" content=\"en_US\" \/>\n<meta property=\"og:type\" content=\"article\" \/>\n<meta property=\"og:title\" content=\"Tribinal Internasyonal drwa la mer (ITLOS) - Chagossian Voices\" \/>\n<meta property=\"og:description\" content=\"Chagossian Voices ek Tribinal Internasyonal drwa la mer (ITLOS) En oktob 2022, enn cellule special ITLOS finn a l\u00e9kout Dif\u00e9ran konsernan deliminasyon fronti\u00e8r maritim entre Moris ek Maldives dan l\u2019Oc\u00e9an Indien. Sa finn arriv\u00e9 swit a l\u2019avis konsiltatif CIJ en 2019, ki finn deklar\u00e9 ki Moris bizin \u00e9na souver\u00e8nt\u00e9 lor bann zil. Puiski Chagossian Voices... Lire la swit\" \/>\n<meta property=\"og:url\" content=\"https:\/\/chagossianvoices.org\/cr\/tribinal-internasyonal-drwa-la-mer-itlos\/\" \/>\n<meta property=\"og:site_name\" content=\"Chagossian Voices\" \/>\n<meta property=\"article:modified_time\" content=\"2022-12-02T16:39:04+00:00\" \/>\n<meta property=\"og:image\" content=\"https:\/\/chagossianvoices.org\/wp-content\/uploads\/2022\/12\/itlos_logo_en_fr_mobile.jpg\" \/>\n<meta name=\"twitter:card\" content=\"summary_large_image\" \/>\n<meta name=\"twitter:label1\" content=\"Est. reading time\" \/>\n\t<meta name=\"twitter:data1\" content=\"1 minute\" \/>\n<script type=\"application\/ld+json\" class=\"yoast-schema-graph\">{\"@context\":\"https:\\\/\\\/schema.org\",\"@graph\":[{\"@type\":\"WebPage\",\"@id\":\"https:\\\/\\\/chagossianvoices.org\\\/cr\\\/tribinal-internasyonal-drwa-la-mer-itlos\\\/\",\"url\":\"https:\\\/\\\/chagossianvoices.org\\\/cr\\\/tribinal-internasyonal-drwa-la-mer-itlos\\\/\",\"name\":\"Tribinal Internasyonal drwa la mer (ITLOS) - Chagossian Voices\",\"isPartOf\":{\"@id\":\"https:\\\/\\\/chagossianvoices.org\\\/#website\"},\"primaryImageOfPage\":{\"@id\":\"https:\\\/\\\/chagossianvoices.org\\\/cr\\\/tribinal-internasyonal-drwa-la-mer-itlos\\\/#primaryimage\"},\"image\":{\"@id\":\"https:\\\/\\\/chagossianvoices.org\\\/cr\\\/tribinal-internasyonal-drwa-la-mer-itlos\\\/#primaryimage\"},\"thumbnailUrl\":\"https:\\\/\\\/chagossianvoices.org\\\/wp-content\\\/uploads\\\/2022\\\/04\\\/resul-mentes-DbwYNr8RPbg-unsplash-scaled.jpg\",\"datePublished\":\"2022-12-02T16:05:09+00:00\",\"dateModified\":\"2022-12-02T16:39:04+00:00\",\"breadcrumb\":{\"@id\":\"https:\\\/\\\/chagossianvoices.org\\\/cr\\\/tribinal-internasyonal-drwa-la-mer-itlos\\\/#breadcrumb\"},\"inLanguage\":\"kr\",\"potentialAction\":[{\"@type\":\"ReadAction\",\"target\":[\"https:\\\/\\\/chagossianvoices.org\\\/cr\\\/tribinal-internasyonal-drwa-la-mer-itlos\\\/\"]}]},{\"@type\":\"ImageObject\",\"inLanguage\":\"kr\",\"@id\":\"https:\\\/\\\/chagossianvoices.org\\\/cr\\\/tribinal-internasyonal-drwa-la-mer-itlos\\\/#primaryimage\",\"url\":\"https:\\\/\\\/chagossianvoices.org\\\/wp-content\\\/uploads\\\/2022\\\/04\\\/resul-mentes-DbwYNr8RPbg-unsplash-scaled.jpg\",\"contentUrl\":\"https:\\\/\\\/chagossianvoices.org\\\/wp-content\\\/uploads\\\/2022\\\/04\\\/resul-mentes-DbwYNr8RPbg-unsplash-scaled.jpg\",\"width\":1440,\"height\":2560,\"caption\":\"Photo by Resul Mentes \ud83c\uddf9\ud83c\uddf7 on Unsplash (featured on Chagossian Voices)\"},{\"@type\":\"BreadcrumbList\",\"@id\":\"https:\\\/\\\/chagossianvoices.org\\\/cr\\\/tribinal-internasyonal-drwa-la-mer-itlos\\\/#breadcrumb\",\"itemListElement\":[{\"@type\":\"ListItem\",\"position\":1,\"name\":\"Home\",\"item\":\"https:\\\/\\\/chagossianvoices.org\\\/cr\\\/\"},{\"@type\":\"ListItem\",\"position\":2,\"name\":\"Tribinal Internasyonal drwa la mer (ITLOS)\"}]},{\"@type\":\"WebSite\",\"@id\":\"https:\\\/\\\/chagossianvoices.org\\\/#website\",\"url\":\"https:\\\/\\\/chagossianvoices.org\\\/\",\"name\":\"Chagossian Voices\",\"description\":\"Just another WordPress site\",\"publisher\":{\"@id\":\"https:\\\/\\\/chagossianvoices.org\\\/#organization\"},\"potentialAction\":[{\"@type\":\"SearchAction\",\"target\":{\"@type\":\"EntryPoint\",\"urlTemplate\":\"https:\\\/\\\/chagossianvoices.org\\\/?s={search_term_string}\"},\"query-input\":{\"@type\":\"PropertyValueSpecification\",\"valueRequired\":true,\"valueName\":\"search_term_string\"}}],\"inLanguage\":\"kr\"},{\"@type\":\"Organization\",\"@id\":\"https:\\\/\\\/chagossianvoices.org\\\/#organization\",\"name\":\"Chagossian Voices\",\"url\":\"https:\\\/\\\/chagossianvoices.org\\\/\",\"logo\":{\"@type\":\"ImageObject\",\"inLanguage\":\"kr\",\"@id\":\"https:\\\/\\\/chagossianvoices.org\\\/#\\\/schema\\\/logo\\\/image\\\/\",\"url\":\"https:\\\/\\\/chagossianvoices.org\\\/wp-content\\\/uploads\\\/2021\\\/12\\\/ChagossianVoices-Logo@2x1.png\",\"contentUrl\":\"https:\\\/\\\/chagossianvoices.org\\\/wp-content\\\/uploads\\\/2021\\\/12\\\/ChagossianVoices-Logo@2x1.png\",\"width\":560,\"height\":160,\"caption\":\"Chagossian Voices\"},\"image\":{\"@id\":\"https:\\\/\\\/chagossianvoices.org\\\/#\\\/schema\\\/logo\\\/image\\\/\"}}]}<\/script>\n<!-- \/ Yoast SEO plugin. -->","yoast_head_json":{"title":"Tribinal Internasyonal drwa la mer (ITLOS) - Chagossian Voices","robots":{"index":"index","follow":"follow","max-snippet":"max-snippet:-1","max-image-preview":"max-image-preview:large","max-video-preview":"max-video-preview:-1"},"canonical":"https:\/\/chagossianvoices.org\/cr\/tribinal-internasyonal-drwa-la-mer-itlos\/","og_locale":"en_US","og_type":"article","og_title":"Tribinal Internasyonal drwa la mer (ITLOS) - Chagossian Voices","og_description":"Chagossian Voices ek Tribinal Internasyonal drwa la mer (ITLOS) En oktob 2022, enn cellule special ITLOS finn a l\u00e9kout Dif\u00e9ran konsernan deliminasyon fronti\u00e8r maritim entre Moris ek Maldives dan l\u2019Oc\u00e9an Indien. Sa finn arriv\u00e9 swit a l\u2019avis konsiltatif CIJ en 2019, ki finn deklar\u00e9 ki Moris bizin \u00e9na souver\u00e8nt\u00e9 lor bann zil. Puiski Chagossian Voices... Lire la swit","og_url":"https:\/\/chagossianvoices.org\/cr\/tribinal-internasyonal-drwa-la-mer-itlos\/","og_site_name":"Chagossian Voices","article_modified_time":"2022-12-02T16:39:04+00:00","og_image":[{"url":"https:\/\/chagossianvoices.org\/wp-content\/uploads\/2022\/12\/itlos_logo_en_fr_mobile.jpg","type":"","width":"","height":""}],"twitter_card":"summary_large_image","twitter_misc":{"Est. reading time":"1 minute"},"schema":{"@context":"https:\/\/schema.org","@graph":[{"@type":"WebPage","@id":"https:\/\/chagossianvoices.org\/cr\/tribinal-internasyonal-drwa-la-mer-itlos\/","url":"https:\/\/chagossianvoices.org\/cr\/tribinal-internasyonal-drwa-la-mer-itlos\/","name":"Tribinal Internasyonal drwa la mer (ITLOS) - Chagossian Voices","isPartOf":{"@id":"https:\/\/chagossianvoices.org\/#website"},"primaryImageOfPage":{"@id":"https:\/\/chagossianvoices.org\/cr\/tribinal-internasyonal-drwa-la-mer-itlos\/#primaryimage"},"image":{"@id":"https:\/\/chagossianvoices.org\/cr\/tribinal-internasyonal-drwa-la-mer-itlos\/#primaryimage"},"thumbnailUrl":"https:\/\/chagossianvoices.org\/wp-content\/uploads\/2022\/04\/resul-mentes-DbwYNr8RPbg-unsplash-scaled.jpg","datePublished":"2022-12-02T16:05:09+00:00","dateModified":"2022-12-02T16:39:04+00:00","breadcrumb":{"@id":"https:\/\/chagossianvoices.org\/cr\/tribinal-internasyonal-drwa-la-mer-itlos\/#breadcrumb"},"inLanguage":"kr","potentialAction":[{"@type":"ReadAction","target":["https:\/\/chagossianvoices.org\/cr\/tribinal-internasyonal-drwa-la-mer-itlos\/"]}]},{"@type":"ImageObject","inLanguage":"kr","@id":"https:\/\/chagossianvoices.org\/cr\/tribinal-internasyonal-drwa-la-mer-itlos\/#primaryimage","url":"https:\/\/chagossianvoices.org\/wp-content\/uploads\/2022\/04\/resul-mentes-DbwYNr8RPbg-unsplash-scaled.jpg","contentUrl":"https:\/\/chagossianvoices.org\/wp-content\/uploads\/2022\/04\/resul-mentes-DbwYNr8RPbg-unsplash-scaled.jpg","width":1440,"height":2560,"caption":"Photo by Resul Mentes \ud83c\uddf9\ud83c\uddf7 on Unsplash (featured on Chagossian Voices)"},{"@type":"BreadcrumbList","@id":"https:\/\/chagossianvoices.org\/cr\/tribinal-internasyonal-drwa-la-mer-itlos\/#breadcrumb","itemListElement":[{"@type":"ListItem","position":1,"name":"Home","item":"https:\/\/chagossianvoices.org\/cr\/"},{"@type":"ListItem","position":2,"name":"Tribinal Internasyonal drwa la mer (ITLOS)"}]},{"@type":"WebSite","@id":"https:\/\/chagossianvoices.org\/#website","url":"https:\/\/chagossianvoices.org\/","name":"Chagossian Voices","description":"Just another WordPress site","publisher":{"@id":"https:\/\/chagossianvoices.org\/#organization"},"potentialAction":[{"@type":"SearchAction","target":{"@type":"EntryPoint","urlTemplate":"https:\/\/chagossianvoices.org\/?s={search_term_string}"},"query-input":{"@type":"PropertyValueSpecification","valueRequired":true,"valueName":"search_term_string"}}],"inLanguage":"kr"},{"@type":"Organization","@id":"https:\/\/chagossianvoices.org\/#organization","name":"Chagossian Voices","url":"https:\/\/chagossianvoices.org\/","logo":{"@type":"ImageObject","inLanguage":"kr","@id":"https:\/\/chagossianvoices.org\/#\/schema\/logo\/image\/","url":"https:\/\/chagossianvoices.org\/wp-content\/uploads\/2021\/12\/ChagossianVoices-Logo@2x1.png","contentUrl":"https:\/\/chagossianvoices.org\/wp-content\/uploads\/2021\/12\/ChagossianVoices-Logo@2x1.png","width":560,"height":160,"caption":"Chagossian Voices"},"image":{"@id":"https:\/\/chagossianvoices.org\/#\/schema\/logo\/image\/"}}]}},"_links":{"self":[{"href":"https:\/\/chagossianvoices.org\/cr\/wp-json\/wp\/v2\/pages\/1206","targetHints":{"allow":["GET"]}}],"collection":[{"href":"https:\/\/chagossianvoices.org\/cr\/wp-json\/wp\/v2\/pages"}],"about":[{"href":"https:\/\/chagossianvoices.org\/cr\/wp-json\/wp\/v2\/types\/page"}],"author":[{"embeddable":true,"href":"https:\/\/chagossianvoices.org\/cr\/wp-json\/wp\/v2\/users\/1"}],"replies":[{"embeddable":true,"href":"https:\/\/chagossianvoices.org\/cr\/wp-json\/wp\/v2\/comments?post=1206"}],"version-history":[{"count":3,"href":"https:\/\/chagossianvoices.org\/cr\/wp-json\/wp\/v2\/pages\/1206\/revisions"}],"predecessor-version":[{"id":1211,"href":"https:\/\/chagossianvoices.org\/cr\/wp-json\/wp\/v2\/pages\/1206\/revisions\/1211"}],"wp:featuredmedia":[{"embeddable":true,"href":"https:\/\/chagossianvoices.org\/cr\/wp-json\/wp\/v2\/media\/724"}],"wp:attachment":[{"href":"https:\/\/chagossianvoices.org\/cr\/wp-json\/wp\/v2\/media?parent=1206"}],"curies":[{"name":"wp","href":"https:\/\/api.w.org\/{rel}","templated":true}]}}