{"id":1192,"date":"2022-12-02T15:57:41","date_gmt":"2022-12-02T15:57:41","guid":{"rendered":"https:\/\/chagossianvoices.org\/pourparle-lor-souverente-larsipel-sagos\/"},"modified":"2022-12-02T16:33:59","modified_gmt":"2022-12-02T16:33:59","slug":"pourparle-lor-souverente-larsipel-sagos","status":"publish","type":"page","link":"https:\/\/chagossianvoices.org\/cr\/pourparle-lor-souverente-larsipel-sagos\/","title":{"rendered":"Pourparl\u00e9 lor souver\u00e8nt\u00e9 l\u2019Arsipel Sagos"},"content":{"rendered":"\n<p><strong>Pourparl\u00e9 lor souver\u00e8nt\u00e9 l\u2019Arsipel Sagos<\/strong><\/p>\n\n\n\n<p>Le 3 novam 2022, minis Britanik Zaf\u00e8r Etranz\u00e8r, James Cleverly, finn anons, \u2018\u2019negociasyon lor l\u2019exercice souver\u00e8nt\u00e9 T\u00e9ritwar Britanik l\u2019Oc\u00e9an Indien (BIOT)\/l\u2019Arsipel Sagos.\u2019\u2019 Pourparl\u00e9 pou \u00e9na li\u00e9 fin 2022\/zanvi\u00e9 2023, akot pou arriv lor enn lakor \u2018\u2019komensma lan\u00e9 pros\u00e8nn.\u2019\u2019 2023. Kapav lire lanons konpl\u00e9 ici:<\/p>\n\n\n\n<p><a href=\"https:\/\/questions-statements.parliament.uk\/written-statements\/detail\/2022-11-03\/hcws354\" target=\"_blank\" rel=\"noreferrer noopener\">https:\/\/questions-statements.parliament.uk\/written-statements\/detail\/2022-11-03\/hcws354<\/a><\/p>\n\n\n\n<p><strong>Ki Chagossian Voices so pozisyon?<\/strong><\/p>\n\n\n\n<p>Chagossian Voices, avek l\u00e9zot group kominot\u00e8r sagosien, p\u00e9 insist\u00e9 lor participasyon prenan dan pourparl\u00e9 ki pou \u00e9na lor l\u2019avenir bann zil. Sagosien zot enn pep otoktonn ki \u00e9na drwa lotodeterminasyon ek, kouma tou Sitwayin T\u00e9ritwar Britanik d\u2019outre-mer, bizin \u00e9na drwa determinn l\u2019avenir zot patri. Nou finn ekrir minis Zaf\u00e8r \u00c9tranz\u00e8r ek FCDO akot nou finn insist\u00e9 lor participasyon prenan dan pourparl\u00e9 ek enn klarifikasyon lor ki mani\u00e8r sagosien pou inplik\u00e9 ladan. Nou finn oussi f\u00e8r par nou pr\u00e9okipasyon avek Henry Smith, d\u00e9pit\u00e9 Crawley, ki finn f\u00e8r enn swivi kan linn poz kestion lor inplikasyon sagosien a minis Zaf\u00e8r Etranz\u00e8r dan Parlema le 14<sup>th<\/sup> novam 2023.<\/p>\n\n\n\n<p>So r\u00e9pons trouv ici:<\/p>\n\n\n\n<figure class=\"wp-block-embed is-type-video is-provider-youtube wp-block-embed-youtube wp-embed-aspect-16-9 wp-has-aspect-ratio\"><div class=\"wp-block-embed__wrapper\">\n<iframe loading=\"lazy\" title=\"James Cleverly answers question about Chagossian in talks about Chagos sovereignty 14 Nov 22\" width=\"780\" height=\"439\" src=\"https:\/\/www.youtube.com\/embed\/N879Kt3tea8?feature=oembed\" frameborder=\"0\" allow=\"accelerometer; autoplay; clipboard-write; encrypted-media; gyroscope; picture-in-picture\" allowfullscreen><\/iframe>\n<\/div><\/figure>\n\n\n\n<div style=\"height:5px\" aria-hidden=\"true\" class=\"wp-block-spacer\"><\/div>\n\n\n\n<p><strong>Lettre Chagossian Voices a minis Zaf\u00e8r \u00c9tranz\u00e8r<\/strong><\/p>\n\n\n\n<p><strong><a href=\"https:\/\/chagossianvoices.org\/wp-content\/uploads\/2022\/12\/Lettre-Chagossian-Voices-a-minis-Zafer-Etranzer.pdf\" target=\"_blank\" rel=\"noreferrer noopener\">Text nou lettre<\/a> ki nou finn avwey minis Zaf\u00e8r \u00c9tranz\u00e8r, le 11<sup>th<\/sup> novam 2022<\/strong><\/p>\n\n\n\n<p><em>Lonorab James Cleverly, <\/em> <em>Secr\u00e9t\u00e8r d\u2019\u00c9tat pou Zaf\u00e8r \u00c9tranz\u00e8r , Commonwealth ek Developma <\/em><\/p>\n","protected":false},"excerpt":{"rendered":"<p>Pourparl\u00e9 lor souver\u00e8nt\u00e9 l\u2019Arsipel Sagos Le 3 novam 2022, minis Britanik Zaf\u00e8r Etranz\u00e8r, James Cleverly, finn anons, \u2018\u2019negociasyon lor l\u2019exercice souver\u00e8nt\u00e9 T\u00e9ritwar Britanik l\u2019Oc\u00e9an Indien (BIOT)\/l\u2019Arsipel Sagos.\u2019\u2019 Pourparl\u00e9 pou \u00e9na li\u00e9 fin 2022\/zanvi\u00e9 2023, akot pou arriv lor enn lakor \u2018\u2019komensma lan\u00e9 pros\u00e8nn.\u2019\u2019 2023. Kapav lire lanons konpl\u00e9 ici: https:\/\/questions-statements.parliament.uk\/written-statements\/detail\/2022-11-03\/hcws354 Ki Chagossian Voices so pozisyon?&#8230; <a href=\"https:\/\/chagossianvoices.org\/cr\/pourparle-lor-souverente-larsipel-sagos\/\" class=\"btn btn-primary\">Lire la swit<\/a><\/p>\n","protected":false},"author":1,"featured_media":728,"parent":0,"menu_order":0,"comment_status":"closed","ping_status":"closed","template":"page-large-header","meta":{"_acf_changed":false,"_bbp_topic_count":0,"_bbp_reply_count":0,"_bbp_total_topic_count":0,"_bbp_total_reply_count":0,"_bbp_voice_count":0,"_bbp_anonymous_reply_count":0,"_bbp_topic_count_hidden":0,"_bbp_reply_count_hidden":0,"_bbp_forum_subforum_count":0,"footnotes":""},"class_list":["post-1192","page","type-page","status-publish","has-post-thumbnail","hentry"],"acf":[],"yoast_head":"<!-- This site is optimized with the Yoast SEO plugin v27.6 - https:\/\/yoast.com\/product\/yoast-seo-wordpress\/ -->\n<title>Pourparl\u00e9 lor souver\u00e8nt\u00e9 l\u2019Arsipel Sagos - Chagossian Voices<\/title>\n<meta name=\"robots\" content=\"index, follow, max-snippet:-1, max-image-preview:large, max-video-preview:-1\" \/>\n<link rel=\"canonical\" href=\"https:\/\/chagossianvoices.org\/cr\/pourparle-lor-souverente-larsipel-sagos\/\" \/>\n<meta property=\"og:locale\" content=\"en_US\" \/>\n<meta property=\"og:type\" content=\"article\" \/>\n<meta property=\"og:title\" content=\"Pourparl\u00e9 lor souver\u00e8nt\u00e9 l\u2019Arsipel Sagos - Chagossian Voices\" \/>\n<meta property=\"og:description\" content=\"Pourparl\u00e9 lor souver\u00e8nt\u00e9 l\u2019Arsipel Sagos Le 3 novam 2022, minis Britanik Zaf\u00e8r Etranz\u00e8r, James Cleverly, finn anons, \u2018\u2019negociasyon lor l\u2019exercice souver\u00e8nt\u00e9 T\u00e9ritwar Britanik l\u2019Oc\u00e9an Indien (BIOT)\/l\u2019Arsipel Sagos.\u2019\u2019 Pourparl\u00e9 pou \u00e9na li\u00e9 fin 2022\/zanvi\u00e9 2023, akot pou arriv lor enn lakor \u2018\u2019komensma lan\u00e9 pros\u00e8nn.\u2019\u2019 2023. Kapav lire lanons konpl\u00e9 ici: https:\/\/questions-statements.parliament.uk\/written-statements\/detail\/2022-11-03\/hcws354 Ki Chagossian Voices so pozisyon?... Lire la swit\" \/>\n<meta property=\"og:url\" content=\"https:\/\/chagossianvoices.org\/cr\/pourparle-lor-souverente-larsipel-sagos\/\" \/>\n<meta property=\"og:site_name\" content=\"Chagossian Voices\" \/>\n<meta property=\"article:modified_time\" content=\"2022-12-02T16:33:59+00:00\" \/>\n<meta name=\"twitter:card\" content=\"summary_large_image\" \/>\n<meta name=\"twitter:label1\" content=\"Est. reading time\" \/>\n\t<meta name=\"twitter:data1\" content=\"1 minute\" \/>\n<script type=\"application\/ld+json\" class=\"yoast-schema-graph\">{\"@context\":\"https:\\\/\\\/schema.org\",\"@graph\":[{\"@type\":\"WebPage\",\"@id\":\"https:\\\/\\\/chagossianvoices.org\\\/cr\\\/pourparle-lor-souverente-larsipel-sagos\\\/\",\"url\":\"https:\\\/\\\/chagossianvoices.org\\\/cr\\\/pourparle-lor-souverente-larsipel-sagos\\\/\",\"name\":\"Pourparl\u00e9 lor souver\u00e8nt\u00e9 l\u2019Arsipel Sagos - Chagossian Voices\",\"isPartOf\":{\"@id\":\"https:\\\/\\\/chagossianvoices.org\\\/#website\"},\"primaryImageOfPage\":{\"@id\":\"https:\\\/\\\/chagossianvoices.org\\\/cr\\\/pourparle-lor-souverente-larsipel-sagos\\\/#primaryimage\"},\"image\":{\"@id\":\"https:\\\/\\\/chagossianvoices.org\\\/cr\\\/pourparle-lor-souverente-larsipel-sagos\\\/#primaryimage\"},\"thumbnailUrl\":\"https:\\\/\\\/chagossianvoices.org\\\/wp-content\\\/uploads\\\/2022\\\/07\\\/Peros-Banhos-Lagoon-Knolls-Ile-du-coin_2015_c-Jon-Slayer-scaled.jpg\",\"datePublished\":\"2022-12-02T15:57:41+00:00\",\"dateModified\":\"2022-12-02T16:33:59+00:00\",\"breadcrumb\":{\"@id\":\"https:\\\/\\\/chagossianvoices.org\\\/cr\\\/pourparle-lor-souverente-larsipel-sagos\\\/#breadcrumb\"},\"inLanguage\":\"kr\",\"potentialAction\":[{\"@type\":\"ReadAction\",\"target\":[\"https:\\\/\\\/chagossianvoices.org\\\/cr\\\/pourparle-lor-souverente-larsipel-sagos\\\/\"]}]},{\"@type\":\"ImageObject\",\"inLanguage\":\"kr\",\"@id\":\"https:\\\/\\\/chagossianvoices.org\\\/cr\\\/pourparle-lor-souverente-larsipel-sagos\\\/#primaryimage\",\"url\":\"https:\\\/\\\/chagossianvoices.org\\\/wp-content\\\/uploads\\\/2022\\\/07\\\/Peros-Banhos-Lagoon-Knolls-Ile-du-coin_2015_c-Jon-Slayer-scaled.jpg\",\"contentUrl\":\"https:\\\/\\\/chagossianvoices.org\\\/wp-content\\\/uploads\\\/2022\\\/07\\\/Peros-Banhos-Lagoon-Knolls-Ile-du-coin_2015_c-Jon-Slayer-scaled.jpg\",\"width\":2560,\"height\":1441,\"caption\":\"Peros Banhos Lagoon Knolls, Ile du coin_2015_(c) Jon Slayer\"},{\"@type\":\"BreadcrumbList\",\"@id\":\"https:\\\/\\\/chagossianvoices.org\\\/cr\\\/pourparle-lor-souverente-larsipel-sagos\\\/#breadcrumb\",\"itemListElement\":[{\"@type\":\"ListItem\",\"position\":1,\"name\":\"Home\",\"item\":\"https:\\\/\\\/chagossianvoices.org\\\/cr\\\/\"},{\"@type\":\"ListItem\",\"position\":2,\"name\":\"Pourparl\u00e9 lor souver\u00e8nt\u00e9 l\u2019Arsipel Sagos\"}]},{\"@type\":\"WebSite\",\"@id\":\"https:\\\/\\\/chagossianvoices.org\\\/#website\",\"url\":\"https:\\\/\\\/chagossianvoices.org\\\/\",\"name\":\"Chagossian Voices\",\"description\":\"Just another WordPress site\",\"publisher\":{\"@id\":\"https:\\\/\\\/chagossianvoices.org\\\/#organization\"},\"potentialAction\":[{\"@type\":\"SearchAction\",\"target\":{\"@type\":\"EntryPoint\",\"urlTemplate\":\"https:\\\/\\\/chagossianvoices.org\\\/?s={search_term_string}\"},\"query-input\":{\"@type\":\"PropertyValueSpecification\",\"valueRequired\":true,\"valueName\":\"search_term_string\"}}],\"inLanguage\":\"kr\"},{\"@type\":\"Organization\",\"@id\":\"https:\\\/\\\/chagossianvoices.org\\\/#organization\",\"name\":\"Chagossian Voices\",\"url\":\"https:\\\/\\\/chagossianvoices.org\\\/\",\"logo\":{\"@type\":\"ImageObject\",\"inLanguage\":\"kr\",\"@id\":\"https:\\\/\\\/chagossianvoices.org\\\/#\\\/schema\\\/logo\\\/image\\\/\",\"url\":\"https:\\\/\\\/chagossianvoices.org\\\/wp-content\\\/uploads\\\/2021\\\/12\\\/ChagossianVoices-Logo@2x1.png\",\"contentUrl\":\"https:\\\/\\\/chagossianvoices.org\\\/wp-content\\\/uploads\\\/2021\\\/12\\\/ChagossianVoices-Logo@2x1.png\",\"width\":560,\"height\":160,\"caption\":\"Chagossian Voices\"},\"image\":{\"@id\":\"https:\\\/\\\/chagossianvoices.org\\\/#\\\/schema\\\/logo\\\/image\\\/\"}}]}<\/script>\n<!-- \/ Yoast SEO plugin. -->","yoast_head_json":{"title":"Pourparl\u00e9 lor souver\u00e8nt\u00e9 l\u2019Arsipel Sagos - Chagossian Voices","robots":{"index":"index","follow":"follow","max-snippet":"max-snippet:-1","max-image-preview":"max-image-preview:large","max-video-preview":"max-video-preview:-1"},"canonical":"https:\/\/chagossianvoices.org\/cr\/pourparle-lor-souverente-larsipel-sagos\/","og_locale":"en_US","og_type":"article","og_title":"Pourparl\u00e9 lor souver\u00e8nt\u00e9 l\u2019Arsipel Sagos - Chagossian Voices","og_description":"Pourparl\u00e9 lor souver\u00e8nt\u00e9 l\u2019Arsipel Sagos Le 3 novam 2022, minis Britanik Zaf\u00e8r Etranz\u00e8r, James Cleverly, finn anons, \u2018\u2019negociasyon lor l\u2019exercice souver\u00e8nt\u00e9 T\u00e9ritwar Britanik l\u2019Oc\u00e9an Indien (BIOT)\/l\u2019Arsipel Sagos.\u2019\u2019 Pourparl\u00e9 pou \u00e9na li\u00e9 fin 2022\/zanvi\u00e9 2023, akot pou arriv lor enn lakor \u2018\u2019komensma lan\u00e9 pros\u00e8nn.\u2019\u2019 2023. Kapav lire lanons konpl\u00e9 ici: https:\/\/questions-statements.parliament.uk\/written-statements\/detail\/2022-11-03\/hcws354 Ki Chagossian Voices so pozisyon?... Lire la swit","og_url":"https:\/\/chagossianvoices.org\/cr\/pourparle-lor-souverente-larsipel-sagos\/","og_site_name":"Chagossian Voices","article_modified_time":"2022-12-02T16:33:59+00:00","twitter_card":"summary_large_image","twitter_misc":{"Est. reading time":"1 minute"},"schema":{"@context":"https:\/\/schema.org","@graph":[{"@type":"WebPage","@id":"https:\/\/chagossianvoices.org\/cr\/pourparle-lor-souverente-larsipel-sagos\/","url":"https:\/\/chagossianvoices.org\/cr\/pourparle-lor-souverente-larsipel-sagos\/","name":"Pourparl\u00e9 lor souver\u00e8nt\u00e9 l\u2019Arsipel Sagos - Chagossian Voices","isPartOf":{"@id":"https:\/\/chagossianvoices.org\/#website"},"primaryImageOfPage":{"@id":"https:\/\/chagossianvoices.org\/cr\/pourparle-lor-souverente-larsipel-sagos\/#primaryimage"},"image":{"@id":"https:\/\/chagossianvoices.org\/cr\/pourparle-lor-souverente-larsipel-sagos\/#primaryimage"},"thumbnailUrl":"https:\/\/chagossianvoices.org\/wp-content\/uploads\/2022\/07\/Peros-Banhos-Lagoon-Knolls-Ile-du-coin_2015_c-Jon-Slayer-scaled.jpg","datePublished":"2022-12-02T15:57:41+00:00","dateModified":"2022-12-02T16:33:59+00:00","breadcrumb":{"@id":"https:\/\/chagossianvoices.org\/cr\/pourparle-lor-souverente-larsipel-sagos\/#breadcrumb"},"inLanguage":"kr","potentialAction":[{"@type":"ReadAction","target":["https:\/\/chagossianvoices.org\/cr\/pourparle-lor-souverente-larsipel-sagos\/"]}]},{"@type":"ImageObject","inLanguage":"kr","@id":"https:\/\/chagossianvoices.org\/cr\/pourparle-lor-souverente-larsipel-sagos\/#primaryimage","url":"https:\/\/chagossianvoices.org\/wp-content\/uploads\/2022\/07\/Peros-Banhos-Lagoon-Knolls-Ile-du-coin_2015_c-Jon-Slayer-scaled.jpg","contentUrl":"https:\/\/chagossianvoices.org\/wp-content\/uploads\/2022\/07\/Peros-Banhos-Lagoon-Knolls-Ile-du-coin_2015_c-Jon-Slayer-scaled.jpg","width":2560,"height":1441,"caption":"Peros Banhos Lagoon Knolls, Ile du coin_2015_(c) Jon Slayer"},{"@type":"BreadcrumbList","@id":"https:\/\/chagossianvoices.org\/cr\/pourparle-lor-souverente-larsipel-sagos\/#breadcrumb","itemListElement":[{"@type":"ListItem","position":1,"name":"Home","item":"https:\/\/chagossianvoices.org\/cr\/"},{"@type":"ListItem","position":2,"name":"Pourparl\u00e9 lor souver\u00e8nt\u00e9 l\u2019Arsipel Sagos"}]},{"@type":"WebSite","@id":"https:\/\/chagossianvoices.org\/#website","url":"https:\/\/chagossianvoices.org\/","name":"Chagossian Voices","description":"Just another WordPress site","publisher":{"@id":"https:\/\/chagossianvoices.org\/#organization"},"potentialAction":[{"@type":"SearchAction","target":{"@type":"EntryPoint","urlTemplate":"https:\/\/chagossianvoices.org\/?s={search_term_string}"},"query-input":{"@type":"PropertyValueSpecification","valueRequired":true,"valueName":"search_term_string"}}],"inLanguage":"kr"},{"@type":"Organization","@id":"https:\/\/chagossianvoices.org\/#organization","name":"Chagossian Voices","url":"https:\/\/chagossianvoices.org\/","logo":{"@type":"ImageObject","inLanguage":"kr","@id":"https:\/\/chagossianvoices.org\/#\/schema\/logo\/image\/","url":"https:\/\/chagossianvoices.org\/wp-content\/uploads\/2021\/12\/ChagossianVoices-Logo@2x1.png","contentUrl":"https:\/\/chagossianvoices.org\/wp-content\/uploads\/2021\/12\/ChagossianVoices-Logo@2x1.png","width":560,"height":160,"caption":"Chagossian Voices"},"image":{"@id":"https:\/\/chagossianvoices.org\/#\/schema\/logo\/image\/"}}]}},"_links":{"self":[{"href":"https:\/\/chagossianvoices.org\/cr\/wp-json\/wp\/v2\/pages\/1192","targetHints":{"allow":["GET"]}}],"collection":[{"href":"https:\/\/chagossianvoices.org\/cr\/wp-json\/wp\/v2\/pages"}],"about":[{"href":"https:\/\/chagossianvoices.org\/cr\/wp-json\/wp\/v2\/types\/page"}],"author":[{"embeddable":true,"href":"https:\/\/chagossianvoices.org\/cr\/wp-json\/wp\/v2\/users\/1"}],"replies":[{"embeddable":true,"href":"https:\/\/chagossianvoices.org\/cr\/wp-json\/wp\/v2\/comments?post=1192"}],"version-history":[{"count":10,"href":"https:\/\/chagossianvoices.org\/cr\/wp-json\/wp\/v2\/pages\/1192\/revisions"}],"predecessor-version":[{"id":1205,"href":"https:\/\/chagossianvoices.org\/cr\/wp-json\/wp\/v2\/pages\/1192\/revisions\/1205"}],"wp:featuredmedia":[{"embeddable":true,"href":"https:\/\/chagossianvoices.org\/cr\/wp-json\/wp\/v2\/media\/728"}],"wp:attachment":[{"href":"https:\/\/chagossianvoices.org\/cr\/wp-json\/wp\/v2\/media?parent=1192"}],"curies":[{"name":"wp","href":"https:\/\/api.w.org\/{rel}","templated":true}]}}